{"id":9681,"date":"2023-03-20T13:56:04","date_gmt":"2023-03-20T10:56:04","guid":{"rendered":"https:\/\/www.fdfoodstuff.com\/?post_type=product&#038;p=9681"},"modified":"2024-02-29T14:36:40","modified_gmt":"2024-02-29T11:36:40","slug":"zeytin-yagi-antep-sifir-asit-16-lt","status":"publish","type":"product","link":"https:\/\/www.fdfoodstuff.com\/en\/product\/zeytin-yagi-antep-sifir-asit-16-lt\/","title":{"rendered":"Olive Oil Antep Zero Acid 16 lt"},"content":{"rendered":"<div data-elementor-type=\"wp-post\" data-elementor-id=\"9681\" class=\"elementor elementor-9681\">\n\t\t\t\t\t\t<section class=\"elementor-section elementor-top-section elementor-element elementor-element-2185cca elementor-section-boxed elementor-section-height-default elementor-section-height-default xts-section-disabled\" data-id=\"2185cca\" data-element_type=\"section\" data-e-type=\"section\">\n\t\t\t\t\t\t<div class=\"elementor-container elementor-column-gap-default\">\n\t\t\t\t\t<div class=\"elementor-column elementor-col-66 elementor-top-column elementor-element elementor-element-04dc728\" data-id=\"04dc728\" data-element_type=\"column\" data-e-type=\"column\">\n\t\t\t<div class=\"elementor-widget-wrap elementor-element-populated\">\n\t\t\t\t\t\t<div class=\"elementor-element elementor-element-8279574 elementor-widget elementor-widget-xts_image\" data-id=\"8279574\" data-element_type=\"widget\" data-e-type=\"widget\" data-widget_type=\"xts_image.default\">\n\t\t\t\t<div class=\"elementor-widget-container\">\n\t\t\t\t\t\t\t\t<div class=\"xts-image-single xts-textalign-center\">\n\t\t\t\t<figure class=\"xts-image\">\n\t\t\t\t\t\t\t\t\t\t\t<div class=\"xts-image-inner\">\n\t\t\t\t\t\n\t\t\t\t\t\t<img fetchpriority=\"high\" decoding=\"async\" width=\"1200\" height=\"798\" src=\"data:image\/jpg;base64,\/9j\/4AAQSkZJRgABAQEAYABgAAD\/\/gA7Q1JFQVRPUjogZ2QtanBlZyB2MS4wICh1c2luZyBJSkcgSlBFRyB2NjIpLCBxdWFsaXR5ID0gODIK\/9sAQwAGBAQFBAQGBQUFBgYGBwkOCQkICAkSDQ0KDhUSFhYVEhQUFxohHBcYHxkUFB0nHR8iIyUlJRYcKSwoJCshJCUk\/9sAQwEGBgYJCAkRCQkRJBgUGCQkJCQkJCQkJCQkJCQkJCQkJCQkJCQkJCQkJCQkJCQkJCQkJCQkJCQkJCQkJCQkJCQk\/8AAEQgACgAQAwEiAAIRAQMRAf\/EAB8AAAEFAQEBAQEBAAAAAAAAAAABAgMEBQYHCAkKC\/\/EALUQAAIBAwMCBAMFBQQEAAABfQECAwAEEQUSITFBBhNRYQcicRQygZGhCCNCscEVUtHwJDNicoIJChYXGBkaJSYnKCkqNDU2Nzg5OkNERUZHSElKU1RVVldYWVpjZGVmZ2hpanN0dXZ3eHl6g4SFhoeIiYqSk5SVlpeYmZqio6Slpqeoqaqys7S1tre4ubrCw8TFxsfIycrS09TV1tfY2drh4uPk5ebn6Onq8fLz9PX29\/j5+v\/EAB8BAAMBAQEBAQEBAQEAAAAAAAABAgMEBQYHCAkKC\/\/EALURAAIBAgQEAwQHBQQEAAECdwABAgMRBAUhMQYSQVEHYXETIjKBCBRCkaGxwQkjM1LwFWJy0QoWJDThJfEXGBkaJicoKSo1Njc4OTpDREVGR0hJSlNUVVZXWFlaY2RlZmdoaWpzdHV2d3h5eoKDhIWGh4iJipKTlJWWl5iZmqKjpKWmp6ipqrKztLW2t7i5usLDxMXGx8jJytLT1NXW19jZ2uLj5OXm5+jp6vLz9PX29\/j5+v\/aAAwDAQACEQMRAD8A8dsPFllBZWaR6cVuYUw0ttd+QxYfxEBTk+\/H6c9n4fgvfHWl3MUEcj2cGWnjuNQ8yJgACuRszu9x0\/SuPs7WDy2PkRZwnO0elel+C7aBfDGoSLDGHxGdwUZ+4O\/4msGrO5otVY\/\/2Q==\" class=\"attachment-full size-full wp-image-9625 xts-lazy-load xts-lazy-fade\" alt=\"\" srcset=\"\" sizes=\"(max-width: 1200px) 100vw, 1200px\" data-xts-src=\"https:\/\/www.fdfoodstuff.com\/wp-content\/uploads\/2021\/10\/zeytinyagi-uretimi-2.jpg\" data-srcset=\"https:\/\/www.fdfoodstuff.com\/wp-content\/uploads\/2021\/10\/zeytinyagi-uretimi-2.jpg 1200w, https:\/\/www.fdfoodstuff.com\/wp-content\/uploads\/2021\/10\/zeytinyagi-uretimi-2-300x200.jpg 300w, https:\/\/www.fdfoodstuff.com\/wp-content\/uploads\/2021\/10\/zeytinyagi-uretimi-2-1024x681.jpg 1024w, https:\/\/www.fdfoodstuff.com\/wp-content\/uploads\/2021\/10\/zeytinyagi-uretimi-2-768x511.jpg 768w, https:\/\/www.fdfoodstuff.com\/wp-content\/uploads\/2021\/10\/zeytinyagi-uretimi-2-800x532.jpg 800w, https:\/\/www.fdfoodstuff.com\/wp-content\/uploads\/2021\/10\/zeytinyagi-uretimi-2-900x599.jpg 900w, https:\/\/www.fdfoodstuff.com\/wp-content\/uploads\/2021\/10\/zeytinyagi-uretimi-2-200x133.jpg 200w\" \/>\n\t\t\t\t\t\t\t\t\t\t\t<\/div>\n\t\t\t\t\t\n\t\t\t\t\t\t\t\t\t<\/figure>\n\n\t\t\t\t\t\t\t<\/div>\n\t\t\t\t\t\t<\/div>\n\t\t\t\t<\/div>\n\t\t\t\t\t<\/div>\n\t\t<\/div>\n\t\t\t\t<div class=\"elementor-column elementor-col-33 elementor-top-column elementor-element elementor-element-d3a6eca\" data-id=\"d3a6eca\" data-element_type=\"column\" data-e-type=\"column\">\n\t\t\t<div class=\"elementor-widget-wrap elementor-element-populated\">\n\t\t\t\t\t\t<div class=\"elementor-element elementor-element-0640f0a xts-scheme-inherit xts-textalign-inherit elementor-widget elementor-widget-text-editor\" data-id=\"0640f0a\" data-element_type=\"widget\" data-e-type=\"widget\" data-widget_type=\"text-editor.default\">\n\t\t\t\t<div class=\"elementor-widget-container\">\n\t\t\t\t\t\t\t\t\t<p>01.<\/p>\t\t\t\t\t\t\t\t<\/div>\n\t\t\t\t<\/div>\n\t\t\t\t<div class=\"elementor-element elementor-element-95527c8 xts-width-100 elementor-widget elementor-widget-xts_title\" data-id=\"95527c8\" data-element_type=\"widget\" data-e-type=\"widget\" data-widget_type=\"xts_title.default\">\n\t\t\t\t<div class=\"elementor-widget-container\">\n\t\t\t\t\t\t\t\t<div class=\"xts-section-heading xts-reset-mb-10 xts-reset-last xts-textalign-left\" data-animation-delay=\"\">\n\t\t\t\t\n\t\t\t\t\t\t\t\t\t<h4 class=\"xts-section-title title xts-design-default xts-fontsize-xxl\">\n\t\t\t\t\t\t<span class=\"xts-section-title-text\" data-elementor-setting-key=\"title\">\n\t\t\t\t\t\t\tFrom the best quality olives \t\t\t\t\t\t<\/span>\n\n\t\t\t\t\t\t\t\t\t\t\t<\/h4>\n\t\t\t\t\n\t\t\t\t\n\t\t\t\t\t\t\t\t\t<div class=\"xts-section-desc\">\n\t\t\t\t\t\t<div class=\"xts-section-desc-text xts-reset-all-last\" data-elementor-setting-key=\"description\">\n\t\t\t\t\t\t\tDon&#039;t miss our high-quality and high-quality olive oils, obtained by natural distillation from olives produced by natural methods in the olive region.\t\t\t\t\t\t<\/div>\n\t\t\t\t\t<\/div>\n\t\t\t\t\t\t\t<\/div>\n\t\t\t\t\t\t<\/div>\n\t\t\t\t<\/div>\n\t\t\t\t\t<\/div>\n\t\t<\/div>\n\t\t\t\t\t<\/div>\n\t\t<\/section>\n\t\t\t\t<section class=\"elementor-section elementor-top-section elementor-element elementor-element-41de90b elementor-reverse-mobile elementor-section-boxed elementor-section-height-default elementor-section-height-default xts-section-disabled\" data-id=\"41de90b\" data-element_type=\"section\" data-e-type=\"section\">\n\t\t\t\t\t\t<div class=\"elementor-container elementor-column-gap-default\">\n\t\t\t\t\t<div class=\"elementor-column elementor-col-33 elementor-top-column elementor-element elementor-element-79d28be\" data-id=\"79d28be\" data-element_type=\"column\" data-e-type=\"column\">\n\t\t\t<div class=\"elementor-widget-wrap elementor-element-populated\">\n\t\t\t\t\t\t<div class=\"elementor-element elementor-element-ccc9ce7 xts-scheme-inherit xts-textalign-inherit elementor-widget elementor-widget-text-editor\" data-id=\"ccc9ce7\" data-element_type=\"widget\" data-e-type=\"widget\" data-widget_type=\"text-editor.default\">\n\t\t\t\t<div class=\"elementor-widget-container\">\n\t\t\t\t\t\t\t\t\t<p>02.<\/p>\t\t\t\t\t\t\t\t<\/div>\n\t\t\t\t<\/div>\n\t\t\t\t<div class=\"elementor-element elementor-element-cd5b85e xts-width-100 elementor-widget elementor-widget-xts_title\" data-id=\"cd5b85e\" data-element_type=\"widget\" data-e-type=\"widget\" data-widget_type=\"xts_title.default\">\n\t\t\t\t<div class=\"elementor-widget-container\">\n\t\t\t\t\t\t\t\t<div class=\"xts-section-heading xts-reset-mb-10 xts-reset-last xts-textalign-left\" data-animation-delay=\"\">\n\t\t\t\t\n\t\t\t\t\t\t\t\t\t<h4 class=\"xts-section-title title xts-design-default xts-fontsize-xxl\">\n\t\t\t\t\t\t<span class=\"xts-section-title-text\" data-elementor-setting-key=\"title\">\n\t\t\t\t\t\t\tModern Production Techniques\t\t\t\t\t\t<\/span>\n\n\t\t\t\t\t\t\t\t\t\t\t<\/h4>\n\t\t\t\t\n\t\t\t\t\n\t\t\t\t\t\t\t\t\t<div class=\"xts-section-desc\">\n\t\t\t\t\t\t<div class=\"xts-section-desc-text xts-reset-all-last\" data-elementor-setting-key=\"description\">\n\t\t\t\t\t\t\tDon&#039;t miss our high-quality and high-quality olive oils, obtained by natural distillation from olives produced by natural methods in the olive region.\t\t\t\t\t\t<\/div>\n\t\t\t\t\t<\/div>\n\t\t\t\t\t\t\t<\/div>\n\t\t\t\t\t\t<\/div>\n\t\t\t\t<\/div>\n\t\t\t\t\t<\/div>\n\t\t<\/div>\n\t\t\t\t<div class=\"elementor-column elementor-col-66 elementor-top-column elementor-element elementor-element-a065262\" data-id=\"a065262\" data-element_type=\"column\" data-e-type=\"column\">\n\t\t\t<div class=\"elementor-widget-wrap elementor-element-populated\">\n\t\t\t\t\t\t<div class=\"elementor-element elementor-element-4a53dc4 elementor-widget elementor-widget-xts_image\" data-id=\"4a53dc4\" data-element_type=\"widget\" data-e-type=\"widget\" data-widget_type=\"xts_image.default\">\n\t\t\t\t<div class=\"elementor-widget-container\">\n\t\t\t\t\t\t\t\t<div class=\"xts-image-single xts-textalign-center\">\n\t\t\t\t<figure class=\"xts-image\">\n\t\t\t\t\t\t\t\t\t\t\t<div class=\"xts-image-inner\">\n\t\t\t\t\t\n\t\t\t\t\t\t<img decoding=\"async\" width=\"1280\" height=\"720\" src=\"data:image\/webp;base64,UklGRroAAABXRUJQVlA4IK4AAADwAwCdASoSAAoAPkkci0OkIiGYBABABISgAAXAKXhmhYYJvSIRpSgAAP6+j4Cl59efgsNomqEioCtYNJOp\/WMKIfH\/e6U2yfYEBeV+En9qFPs+rGGI+N94XhjwvVe0kgaDubuBEJMltYPsPxh8AGEef9OSULaQK+2DsXGMKX\/QoD8a\/XtH04fOAN0IJYN14HvBxux46H1Oag\/84BrWkQvPxoqU9mhiIOvfiaG4AAA=\" class=\"attachment-full size-full wp-image-9626 xts-lazy-load xts-lazy-fade\" alt=\"\" srcset=\"\" sizes=\"(max-width: 1280px) 100vw, 1280px\" data-xts-src=\"https:\/\/www.fdfoodstuff.com\/wp-content\/uploads\/2021\/10\/zeytinyagi_uretimi-1.webp\" data-srcset=\"https:\/\/www.fdfoodstuff.com\/wp-content\/uploads\/2021\/10\/zeytinyagi_uretimi-1.webp 1280w, https:\/\/www.fdfoodstuff.com\/wp-content\/uploads\/2021\/10\/zeytinyagi_uretimi-1-300x169.webp 300w, https:\/\/www.fdfoodstuff.com\/wp-content\/uploads\/2021\/10\/zeytinyagi_uretimi-1-1024x576.webp 1024w, https:\/\/www.fdfoodstuff.com\/wp-content\/uploads\/2021\/10\/zeytinyagi_uretimi-1-768x432.webp 768w, https:\/\/www.fdfoodstuff.com\/wp-content\/uploads\/2021\/10\/zeytinyagi_uretimi-1-800x450.webp 800w, https:\/\/www.fdfoodstuff.com\/wp-content\/uploads\/2021\/10\/zeytinyagi_uretimi-1-900x506.webp 900w, https:\/\/www.fdfoodstuff.com\/wp-content\/uploads\/2021\/10\/zeytinyagi_uretimi-1-200x113.webp 200w\" \/>\n\t\t\t\t\t\t\t\t\t\t\t<\/div>\n\t\t\t\t\t\n\t\t\t\t\t\t\t\t\t<\/figure>\n\n\t\t\t\t\t\t\t<\/div>\n\t\t\t\t\t\t<\/div>\n\t\t\t\t<\/div>\n\t\t\t\t\t<\/div>\n\t\t<\/div>\n\t\t\t\t\t<\/div>\n\t\t<\/section>\n\t\t\t\t<section class=\"elementor-section elementor-top-section elementor-element elementor-element-1569715 elementor-section-boxed elementor-section-height-default elementor-section-height-default xts-section-disabled\" data-id=\"1569715\" data-element_type=\"section\" data-e-type=\"section\">\n\t\t\t\t\t\t<div class=\"elementor-container elementor-column-gap-default\">\n\t\t\t\t\t<div class=\"elementor-column elementor-col-66 elementor-top-column elementor-element elementor-element-7db4073\" data-id=\"7db4073\" data-element_type=\"column\" data-e-type=\"column\">\n\t\t\t<div class=\"elementor-widget-wrap elementor-element-populated\">\n\t\t\t\t\t\t<div class=\"elementor-element elementor-element-bcbcf1a elementor-widget elementor-widget-xts_image\" data-id=\"bcbcf1a\" data-element_type=\"widget\" data-e-type=\"widget\" data-widget_type=\"xts_image.default\">\n\t\t\t\t<div class=\"elementor-widget-container\">\n\t\t\t\t\t\t\t\t<div class=\"xts-image-single xts-textalign-center\">\n\t\t\t\t<figure class=\"xts-image\">\n\t\t\t\t\t\t\t\t\t\t\t<div class=\"xts-image-inner\">\n\t\t\t\t\t\n\t\t\t\t\t\t<img decoding=\"async\" width=\"1200\" height=\"799\" src=\"data:image\/jpg;base64,\/9j\/4AAQSkZJRgABAQEAYABgAAD\/\/gA7Q1JFQVRPUjogZ2QtanBlZyB2MS4wICh1c2luZyBJSkcgSlBFRyB2NjIpLCBxdWFsaXR5ID0gODIK\/9sAQwAGBAQFBAQGBQUFBgYGBwkOCQkICAkSDQ0KDhUSFhYVEhQUFxohHBcYHxkUFB0nHR8iIyUlJRYcKSwoJCshJCUk\/9sAQwEGBgYJCAkRCQkRJBgUGCQkJCQkJCQkJCQkJCQkJCQkJCQkJCQkJCQkJCQkJCQkJCQkJCQkJCQkJCQkJCQkJCQk\/8AAEQgACgAQAwEiAAIRAQMRAf\/EAB8AAAEFAQEBAQEBAAAAAAAAAAABAgMEBQYHCAkKC\/\/EALUQAAIBAwMCBAMFBQQEAAABfQECAwAEEQUSITFBBhNRYQcicRQygZGhCCNCscEVUtHwJDNicoIJChYXGBkaJSYnKCkqNDU2Nzg5OkNERUZHSElKU1RVVldYWVpjZGVmZ2hpanN0dXZ3eHl6g4SFhoeIiYqSk5SVlpeYmZqio6Slpqeoqaqys7S1tre4ubrCw8TFxsfIycrS09TV1tfY2drh4uPk5ebn6Onq8fLz9PX29\/j5+v\/EAB8BAAMBAQEBAQEBAQEAAAAAAAABAgMEBQYHCAkKC\/\/EALURAAIBAgQEAwQHBQQEAAECdwABAgMRBAUhMQYSQVEHYXETIjKBCBRCkaGxwQkjM1LwFWJy0QoWJDThJfEXGBkaJicoKSo1Njc4OTpDREVGR0hJSlNUVVZXWFlaY2RlZmdoaWpzdHV2d3h5eoKDhIWGh4iJipKTlJWWl5iZmqKjpKWmp6ipqrKztLW2t7i5usLDxMXGx8jJytLT1NXW19jZ2uLj5OXm5+jp6vLz9PX29\/j5+v\/aAAwDAQACEQMRAD8A5OK88N6pqCQ6bcXFnqE5REhlIeJmDD5cjlScdTnrV\/xTo9n9rOm6hdStLbIsscRuG\/dhgSdu4naNxJwO+K8SsnYTKQxB2nnNbetSyS+Kb15JHdnlm3Fjkt97rXnzi\/bK70s+++nn+hU4Kcez8mf\/2Q==\" class=\"attachment-full size-full wp-image-9624 xts-lazy-load xts-lazy-fade\" alt=\"\" srcset=\"\" sizes=\"(max-width: 1200px) 100vw, 1200px\" data-xts-src=\"https:\/\/www.fdfoodstuff.com\/wp-content\/uploads\/2021\/10\/zeytinyagi-uretimi-4.jpg\" data-srcset=\"https:\/\/www.fdfoodstuff.com\/wp-content\/uploads\/2021\/10\/zeytinyagi-uretimi-4.jpg 1200w, https:\/\/www.fdfoodstuff.com\/wp-content\/uploads\/2021\/10\/zeytinyagi-uretimi-4-300x200.jpg 300w, https:\/\/www.fdfoodstuff.com\/wp-content\/uploads\/2021\/10\/zeytinyagi-uretimi-4-1024x682.jpg 1024w, https:\/\/www.fdfoodstuff.com\/wp-content\/uploads\/2021\/10\/zeytinyagi-uretimi-4-768x511.jpg 768w, https:\/\/www.fdfoodstuff.com\/wp-content\/uploads\/2021\/10\/zeytinyagi-uretimi-4-800x533.jpg 800w, https:\/\/www.fdfoodstuff.com\/wp-content\/uploads\/2021\/10\/zeytinyagi-uretimi-4-900x599.jpg 900w, https:\/\/www.fdfoodstuff.com\/wp-content\/uploads\/2021\/10\/zeytinyagi-uretimi-4-200x133.jpg 200w\" \/>\n\t\t\t\t\t\t\t\t\t\t\t<\/div>\n\t\t\t\t\t\n\t\t\t\t\t\t\t\t\t<\/figure>\n\n\t\t\t\t\t\t\t<\/div>\n\t\t\t\t\t\t<\/div>\n\t\t\t\t<\/div>\n\t\t\t\t\t<\/div>\n\t\t<\/div>\n\t\t\t\t<div class=\"elementor-column elementor-col-33 elementor-top-column elementor-element elementor-element-2f7f27d\" data-id=\"2f7f27d\" data-element_type=\"column\" data-e-type=\"column\">\n\t\t\t<div class=\"elementor-widget-wrap elementor-element-populated\">\n\t\t\t\t\t\t<div class=\"elementor-element elementor-element-a2dc77d xts-scheme-inherit xts-textalign-inherit elementor-widget elementor-widget-text-editor\" data-id=\"a2dc77d\" data-element_type=\"widget\" data-e-type=\"widget\" data-widget_type=\"text-editor.default\">\n\t\t\t\t<div class=\"elementor-widget-container\">\n\t\t\t\t\t\t\t\t\t<p>03.<\/p>\t\t\t\t\t\t\t\t<\/div>\n\t\t\t\t<\/div>\n\t\t\t\t<div class=\"elementor-element elementor-element-cf309eb xts-width-100 elementor-widget elementor-widget-xts_title\" data-id=\"cf309eb\" data-element_type=\"widget\" data-e-type=\"widget\" data-widget_type=\"xts_title.default\">\n\t\t\t\t<div class=\"elementor-widget-container\">\n\t\t\t\t\t\t\t\t<div class=\"xts-section-heading xts-reset-mb-10 xts-reset-last xts-textalign-left\" data-animation-delay=\"\">\n\t\t\t\t\n\t\t\t\t\t\t\t\t\t<h4 class=\"xts-section-title title xts-design-default xts-fontsize-xxl\">\n\t\t\t\t\t\t<span class=\"xts-section-title-text\" data-elementor-setting-key=\"title\">\n\t\t\t\t\t\t\tSpecial productions on demand\t\t\t\t\t\t<\/span>\n\n\t\t\t\t\t\t\t\t\t\t\t<\/h4>\n\t\t\t\t\n\t\t\t\t\n\t\t\t\t\t\t\t\t\t<div class=\"xts-section-desc\">\n\t\t\t\t\t\t<div class=\"xts-section-desc-text xts-reset-all-last\" data-elementor-setting-key=\"description\">\n\t\t\t\t\t\t\tDon&#039;t miss our high-quality and high-quality olive oils, obtained by natural distillation from olives produced by natural methods in the olive region.\t\t\t\t\t\t<\/div>\n\t\t\t\t\t<\/div>\n\t\t\t\t\t\t\t<\/div>\n\t\t\t\t\t\t<\/div>\n\t\t\t\t<\/div>\n\t\t\t\t\t<\/div>\n\t\t<\/div>\n\t\t\t\t\t<\/div>\n\t\t<\/section>\n\t\t\t\t<\/div>","protected":false},"excerpt":{"rendered":"<div>\n<div>Stoktan h\u0131zl\u0131 kargo, adrese teslim, kap\u0131da \u00f6deme se\u00e7ene\u011fi<\/div>\n<\/div>","protected":false},"featured_media":9682,"comment_status":"open","ping_status":"closed","template":"","meta":[],"product_brand":[],"product_cat":[213],"product_tag":[208,209],"class_list":{"0":"post-9681","1":"product","2":"type-product","3":"status-publish","4":"has-post-thumbnail","6":"product_cat-zeytinyagi","7":"product_tag-mutaf-urunu","8":"product_tag-yemeklik-zeytin-yagi","9":"pa_marka-hancibey","11":"first","12":"instock","13":"taxable","14":"shipping-taxable","15":"product-type-simple"},"acf":[],"yoast_head":"<!-- This site is optimized with the Yoast SEO plugin v20.13 - https:\/\/yoast.com\/wordpress\/plugins\/seo\/ -->\n<title>Zeytin Ya\u011f\u0131 Antep S\u0131f\u0131r Asit 16 lt - Fd Foodstuff Trad\u0131ng<\/title>\n<meta name=\"robots\" content=\"index, follow, max-snippet:-1, max-image-preview:large, max-video-preview:-1\" \/>\n<link rel=\"canonical\" href=\"https:\/\/www.fdfoodstuff.com\/en\/product\/zeytin-yagi-antep-sifir-asit-16-lt\/\" \/>\n<meta property=\"og:locale\" content=\"en_US\" \/>\n<meta property=\"og:type\" content=\"article\" \/>\n<meta property=\"og:title\" content=\"Zeytin Ya\u011f\u0131 Antep S\u0131f\u0131r Asit 16 lt - Fd Foodstuff Trad\u0131ng\" \/>\n<meta property=\"og:description\" content=\"Stoktan h\u0131zl\u0131 kargo, adrese teslim, kap\u0131da \u00f6deme se\u00e7ene\u011fi\" \/>\n<meta property=\"og:url\" content=\"https:\/\/www.fdfoodstuff.com\/en\/product\/zeytin-yagi-antep-sifir-asit-16-lt\/\" \/>\n<meta property=\"og:site_name\" content=\"Fd Foodstuff Trad\u0131ng\" \/>\n<meta property=\"article:modified_time\" content=\"2024-02-29T11:36:40+00:00\" \/>\n<meta property=\"og:image\" content=\"https:\/\/www.fdfoodstuff.com\/wp-content\/uploads\/2023\/03\/Zeytin-Yagi-Antep-Sifir-Asit-16-lt.jpg\" \/>\n\t<meta property=\"og:image:width\" content=\"700\" \/>\n\t<meta property=\"og:image:height\" content=\"700\" \/>\n\t<meta property=\"og:image:type\" content=\"image\/jpeg\" \/>\n<meta name=\"twitter:card\" content=\"summary_large_image\" \/>\n<meta name=\"twitter:label1\" content=\"Est. reading time\" \/>\n\t<meta name=\"twitter:data1\" content=\"1 minute\" \/>\n<script type=\"application\/ld+json\" class=\"yoast-schema-graph\">{\"@context\":\"https:\/\/schema.org\",\"@graph\":[{\"@type\":\"WebPage\",\"@id\":\"https:\/\/www.fdfoodstuff.com\/urun\/zeytin-yagi-antep-sifir-asit-16-lt\/\",\"url\":\"https:\/\/www.fdfoodstuff.com\/urun\/zeytin-yagi-antep-sifir-asit-16-lt\/\",\"name\":\"Zeytin Ya\u011f\u0131 Antep S\u0131f\u0131r Asit 16 lt - Fd Foodstuff Trad\u0131ng\",\"isPartOf\":{\"@id\":\"https:\/\/www.fdfoodstuff.com\/#website\"},\"datePublished\":\"2023-03-20T10:56:04+00:00\",\"dateModified\":\"2024-02-29T11:36:40+00:00\",\"breadcrumb\":{\"@id\":\"https:\/\/www.fdfoodstuff.com\/urun\/zeytin-yagi-antep-sifir-asit-16-lt\/#breadcrumb\"},\"inLanguage\":\"en-US\",\"potentialAction\":[{\"@type\":\"ReadAction\",\"target\":[\"https:\/\/www.fdfoodstuff.com\/urun\/zeytin-yagi-antep-sifir-asit-16-lt\/\"]}]},{\"@type\":\"BreadcrumbList\",\"@id\":\"https:\/\/www.fdfoodstuff.com\/urun\/zeytin-yagi-antep-sifir-asit-16-lt\/#breadcrumb\",\"itemListElement\":[{\"@type\":\"ListItem\",\"position\":1,\"name\":\"Anasayfa\",\"item\":\"https:\/\/www.fdfoodstuff.com\/\"},{\"@type\":\"ListItem\",\"position\":2,\"name\":\"Ma\u011faza\",\"item\":\"https:\/\/www.fdfoodstuff.com\/magaza\/\"},{\"@type\":\"ListItem\",\"position\":3,\"name\":\"Zeytin Ya\u011f\u0131 Antep S\u0131f\u0131r Asit 16 lt\"}]},{\"@type\":\"WebSite\",\"@id\":\"https:\/\/www.fdfoodstuff.com\/#website\",\"url\":\"https:\/\/www.fdfoodstuff.com\/\",\"name\":\"Fd Foodstuff Trad\u0131ng\",\"description\":\"G\u0131da Ith. Ihr. San. Ve T\u0131c. Ltd. \u015eti\",\"potentialAction\":[{\"@type\":\"SearchAction\",\"target\":{\"@type\":\"EntryPoint\",\"urlTemplate\":\"https:\/\/www.fdfoodstuff.com\/?s={search_term_string}\"},\"query-input\":\"required name=search_term_string\"}],\"inLanguage\":\"en-US\"}]}<\/script>\n<!-- \/ Yoast SEO plugin. -->","yoast_head_json":{"title":"Zeytin Ya\u011f\u0131 Antep S\u0131f\u0131r Asit 16 lt - Fd Foodstuff Trad\u0131ng","robots":{"index":"index","follow":"follow","max-snippet":"max-snippet:-1","max-image-preview":"max-image-preview:large","max-video-preview":"max-video-preview:-1"},"canonical":"https:\/\/www.fdfoodstuff.com\/en\/product\/zeytin-yagi-antep-sifir-asit-16-lt\/","og_locale":"en_US","og_type":"article","og_title":"Zeytin Ya\u011f\u0131 Antep S\u0131f\u0131r Asit 16 lt - Fd Foodstuff Trad\u0131ng","og_description":"Stoktan h\u0131zl\u0131 kargo, adrese teslim, kap\u0131da \u00f6deme se\u00e7ene\u011fi","og_url":"https:\/\/www.fdfoodstuff.com\/en\/product\/zeytin-yagi-antep-sifir-asit-16-lt\/","og_site_name":"Fd Foodstuff Trad\u0131ng","article_modified_time":"2024-02-29T11:36:40+00:00","og_image":[{"width":700,"height":700,"url":"https:\/\/www.fdfoodstuff.com\/wp-content\/uploads\/2023\/03\/Zeytin-Yagi-Antep-Sifir-Asit-16-lt.jpg","type":"image\/jpeg"}],"twitter_card":"summary_large_image","twitter_misc":{"Est. reading time":"1 minute"},"schema":{"@context":"https:\/\/schema.org","@graph":[{"@type":"WebPage","@id":"https:\/\/www.fdfoodstuff.com\/urun\/zeytin-yagi-antep-sifir-asit-16-lt\/","url":"https:\/\/www.fdfoodstuff.com\/urun\/zeytin-yagi-antep-sifir-asit-16-lt\/","name":"Zeytin Ya\u011f\u0131 Antep S\u0131f\u0131r Asit 16 lt - Fd Foodstuff Trad\u0131ng","isPartOf":{"@id":"https:\/\/www.fdfoodstuff.com\/#website"},"datePublished":"2023-03-20T10:56:04+00:00","dateModified":"2024-02-29T11:36:40+00:00","breadcrumb":{"@id":"https:\/\/www.fdfoodstuff.com\/urun\/zeytin-yagi-antep-sifir-asit-16-lt\/#breadcrumb"},"inLanguage":"en-US","potentialAction":[{"@type":"ReadAction","target":["https:\/\/www.fdfoodstuff.com\/urun\/zeytin-yagi-antep-sifir-asit-16-lt\/"]}]},{"@type":"BreadcrumbList","@id":"https:\/\/www.fdfoodstuff.com\/urun\/zeytin-yagi-antep-sifir-asit-16-lt\/#breadcrumb","itemListElement":[{"@type":"ListItem","position":1,"name":"Anasayfa","item":"https:\/\/www.fdfoodstuff.com\/"},{"@type":"ListItem","position":2,"name":"Ma\u011faza","item":"https:\/\/www.fdfoodstuff.com\/magaza\/"},{"@type":"ListItem","position":3,"name":"Zeytin Ya\u011f\u0131 Antep S\u0131f\u0131r Asit 16 lt"}]},{"@type":"WebSite","@id":"https:\/\/www.fdfoodstuff.com\/#website","url":"https:\/\/www.fdfoodstuff.com\/","name":"Fd Foodstuff Trading","description":"Food Imp. Ihr. Singing. And Tic. Ltd. Ltd.","potentialAction":[{"@type":"SearchAction","target":{"@type":"EntryPoint","urlTemplate":"https:\/\/www.fdfoodstuff.com\/?s={search_term_string}"},"query-input":"required name=search_term_string"}],"inLanguage":"en-US"}]}},"_links":{"self":[{"href":"https:\/\/www.fdfoodstuff.com\/en\/wp-json\/wp\/v2\/product\/9681","targetHints":{"allow":["GET"]}}],"collection":[{"href":"https:\/\/www.fdfoodstuff.com\/en\/wp-json\/wp\/v2\/product"}],"about":[{"href":"https:\/\/www.fdfoodstuff.com\/en\/wp-json\/wp\/v2\/types\/product"}],"replies":[{"embeddable":true,"href":"https:\/\/www.fdfoodstuff.com\/en\/wp-json\/wp\/v2\/comments?post=9681"}],"version-history":[{"count":1,"href":"https:\/\/www.fdfoodstuff.com\/en\/wp-json\/wp\/v2\/product\/9681\/revisions"}],"predecessor-version":[{"id":9683,"href":"https:\/\/www.fdfoodstuff.com\/en\/wp-json\/wp\/v2\/product\/9681\/revisions\/9683"}],"wp:featuredmedia":[{"embeddable":true,"href":"https:\/\/www.fdfoodstuff.com\/en\/wp-json\/wp\/v2\/media\/9682"}],"wp:attachment":[{"href":"https:\/\/www.fdfoodstuff.com\/en\/wp-json\/wp\/v2\/media?parent=9681"}],"wp:term":[{"taxonomy":"product_brand","embeddable":true,"href":"https:\/\/www.fdfoodstuff.com\/en\/wp-json\/wp\/v2\/product_brand?post=9681"},{"taxonomy":"product_cat","embeddable":true,"href":"https:\/\/www.fdfoodstuff.com\/en\/wp-json\/wp\/v2\/product_cat?post=9681"},{"taxonomy":"product_tag","embeddable":true,"href":"https:\/\/www.fdfoodstuff.com\/en\/wp-json\/wp\/v2\/product_tag?post=9681"}],"curies":[{"name":"wp","href":"https:\/\/api.w.org\/{rel}","templated":true}]}}