{"id":9667,"date":"2023-03-20T13:49:16","date_gmt":"2023-03-20T10:49:16","guid":{"rendered":"https:\/\/www.fdfoodstuff.com\/?post_type=product&#038;p=9667"},"modified":"2024-02-29T14:36:48","modified_gmt":"2024-02-29T11:36:48","slug":"soguk-sikim-sizma-zeytin-yagi-1-lt","status":"publish","type":"product","link":"https:\/\/www.fdfoodstuff.com\/en\/product\/soguk-sikim-sizma-zeytin-yagi-1-lt\/","title":{"rendered":"Cold Pressed Extra Virgin Olive Oil 1 Lt"},"content":{"rendered":"<div data-elementor-type=\"wp-post\" data-elementor-id=\"9667\" class=\"elementor elementor-9667\">\n\t\t\t\t\t\t<section class=\"elementor-section elementor-top-section elementor-element elementor-element-c3188af elementor-section-boxed elementor-section-height-default elementor-section-height-default xts-section-disabled\" data-id=\"c3188af\" data-element_type=\"section\" data-e-type=\"section\">\n\t\t\t\t\t\t<div class=\"elementor-container elementor-column-gap-default\">\n\t\t\t\t\t<div class=\"elementor-column elementor-col-50 elementor-top-column elementor-element elementor-element-7c6d57d\" data-id=\"7c6d57d\" data-element_type=\"column\" data-e-type=\"column\">\n\t\t\t<div class=\"elementor-widget-wrap elementor-element-populated\">\n\t\t\t\t\t\t<div class=\"elementor-element elementor-element-122d5bdd xts-scheme-inherit xts-textalign-inherit elementor-widget elementor-widget-text-editor\" data-id=\"122d5bdd\" data-element_type=\"widget\" data-e-type=\"widget\" data-widget_type=\"text-editor.default\">\n\t\t\t\t<div class=\"elementor-widget-container\">\n\t\t\t\t\t\t\t\t\t<h3>Quality Olive Oils<\/h3><p>Buy the highest quality olive oil products at the most affordable price.<\/p><ul><li><p>Quality olives collected in season.<\/p><\/li><li><p>Production from olives using special methods.<\/p><\/li><li><p>Hygienic modern production processes.<\/p><\/li><li>The most affordable prices on the market.<\/li><\/ul>\t\t\t\t\t\t\t\t<\/div>\n\t\t\t\t<\/div>\n\t\t\t\t<div class=\"elementor-element elementor-element-5e90f7b1 elementor-widget elementor-widget-xts_blockquote\" data-id=\"5e90f7b1\" data-element_type=\"widget\" data-e-type=\"widget\" data-widget_type=\"xts_blockquote.default\">\n\t\t\t\t<div class=\"elementor-widget-container\">\n\t\t\t\t\t\t\t<blockquote class=\"xts-textalign-left\">\n\t\t\t<p class=\"\" data-elementor-setting-key=\"blockquote\">\n\t\t\t\tDon&#039;t Leave Quality to Chance! Buy the highest quality olive oil products at the most affordable price.\t\t\t<\/p>\n\n\t\t\t\t\t<\/blockquote>\n\t\t\t\t\t\t<\/div>\n\t\t\t\t<\/div>\n\t\t\t\t\t<\/div>\n\t\t<\/div>\n\t\t\t\t<div class=\"elementor-column elementor-col-50 elementor-top-column elementor-element elementor-element-4ce1ff2\" data-id=\"4ce1ff2\" data-element_type=\"column\" data-e-type=\"column\">\n\t\t\t<div class=\"elementor-widget-wrap elementor-element-populated\">\n\t\t\t\t\t\t<div class=\"elementor-element elementor-element-21b81754 elementor-widget elementor-widget-xts_image\" data-id=\"21b81754\" data-element_type=\"widget\" data-e-type=\"widget\" data-widget_type=\"xts_image.default\">\n\t\t\t\t<div class=\"elementor-widget-container\">\n\t\t\t\t\t\t\t\t<div class=\"xts-image-single xts-textalign-center\">\n\t\t\t\t<figure class=\"xts-image\">\n\t\t\t\t\t\t\t\t\t\t\t<div class=\"xts-image-inner\">\n\t\t\t\t\t\n\t\t\t\t\t\t<img fetchpriority=\"high\" decoding=\"async\" width=\"722\" height=\"406\" src=\"data:image\/jpg;base64,\/9j\/4AAQSkZJRgABAQEAYABgAAD\/\/gA7Q1JFQVRPUjogZ2QtanBlZyB2MS4wICh1c2luZyBJSkcgSlBFRyB2NjIpLCBxdWFsaXR5ID0gODIK\/9sAQwAGBAQFBAQGBQUFBgYGBwkOCQkICAkSDQ0KDhUSFhYVEhQUFxohHBcYHxkUFB0nHR8iIyUlJRYcKSwoJCshJCUk\/9sAQwEGBgYJCAkRCQkRJBgUGCQkJCQkJCQkJCQkJCQkJCQkJCQkJCQkJCQkJCQkJCQkJCQkJCQkJCQkJCQkJCQkJCQk\/8AAEQgACgASAwEiAAIRAQMRAf\/EAB8AAAEFAQEBAQEBAAAAAAAAAAABAgMEBQYHCAkKC\/\/EALUQAAIBAwMCBAMFBQQEAAABfQECAwAEEQUSITFBBhNRYQcicRQygZGhCCNCscEVUtHwJDNicoIJChYXGBkaJSYnKCkqNDU2Nzg5OkNERUZHSElKU1RVVldYWVpjZGVmZ2hpanN0dXZ3eHl6g4SFhoeIiYqSk5SVlpeYmZqio6Slpqeoqaqys7S1tre4ubrCw8TFxsfIycrS09TV1tfY2drh4uPk5ebn6Onq8fLz9PX29\/j5+v\/EAB8BAAMBAQEBAQEBAQEAAAAAAAABAgMEBQYHCAkKC\/\/EALURAAIBAgQEAwQHBQQEAAECdwABAgMRBAUhMQYSQVEHYXETIjKBCBRCkaGxwQkjM1LwFWJy0QoWJDThJfEXGBkaJicoKSo1Njc4OTpDREVGR0hJSlNUVVZXWFlaY2RlZmdoaWpzdHV2d3h5eoKDhIWGh4iJipKTlJWWl5iZmqKjpKWmp6ipqrKztLW2t7i5usLDxMXGx8jJytLT1NXW19jZ2uLj5OXm5+jp6vLz9PX29\/j5+v\/aAAwDAQACEQMRAD8A34vCkFzew6ctxJJosuCLreEkD7HcZ3DG3G5c8ZJFT\/8ACPTzQ3WhWV7HL9nfYzyFT5aEArkqOWIzwOgHPWvL9cvLm0snFvcTQhi7N5blckNwTjvwPyr1D4Wos8cVxKokmbBaRxljggDJ69OK8WE3CMvaJS100tp2O2dK7unYpD4Y3WOdStM\/7rf40V7FtX0H5UVX1mj\/AM+\/xZn7Cf8AN+B\/\/9k=\" class=\"attachment-full size-full wp-image-9618 xts-lazy-load xts-lazy-fade\" alt=\"\" srcset=\"\" sizes=\"(max-width: 722px) 100vw, 722px\" data-xts-src=\"https:\/\/www.fdfoodstuff.com\/wp-content\/uploads\/2021\/10\/sizma-zeytinyagi-2.jpg\" data-srcset=\"https:\/\/www.fdfoodstuff.com\/wp-content\/uploads\/2021\/10\/sizma-zeytinyagi-2.jpg 722w, https:\/\/www.fdfoodstuff.com\/wp-content\/uploads\/2021\/10\/sizma-zeytinyagi-2-300x169.jpg 300w, https:\/\/www.fdfoodstuff.com\/wp-content\/uploads\/2021\/10\/sizma-zeytinyagi-2-200x112.jpg 200w\" \/>\n\t\t\t\t\t\t\t\t\t\t\t<\/div>\n\t\t\t\t\t\n\t\t\t\t\t\t\t\t\t<\/figure>\n\n\t\t\t\t\t\t\t<\/div>\n\t\t\t\t\t\t<\/div>\n\t\t\t\t<\/div>\n\t\t\t\t\t<\/div>\n\t\t<\/div>\n\t\t\t\t\t<\/div>\n\t\t<\/section>\n\t\t\t\t<section class=\"elementor-section elementor-top-section elementor-element elementor-element-23cbdc3b xts-section-stretch elementor-section-boxed elementor-section-height-default elementor-section-height-default\" data-id=\"23cbdc3b\" data-element_type=\"section\" data-e-type=\"section\" data-settings=\"{&quot;background_background&quot;:&quot;classic&quot;}\">\n\t\t\t\t\t\t<div class=\"elementor-container elementor-column-gap-default\">\n\t\t\t\t\t<div class=\"elementor-column elementor-col-100 elementor-top-column elementor-element elementor-element-71629cd0\" data-id=\"71629cd0\" data-element_type=\"column\" data-e-type=\"column\">\n\t\t\t<div class=\"elementor-widget-wrap elementor-element-populated\">\n\t\t\t\t\t\t<div class=\"elementor-element elementor-element-74239eab xts-width-100 elementor-widget elementor-widget-xts_title\" data-id=\"74239eab\" data-element_type=\"widget\" data-e-type=\"widget\" data-widget_type=\"xts_title.default\">\n\t\t\t\t<div class=\"elementor-widget-container\">\n\t\t\t\t\t\t\t\t<div class=\"xts-section-heading xts-reset-mb-10 xts-reset-last xts-textalign-center xts-scheme-light\" data-animation-delay=\"\">\n\t\t\t\t\n\t\t\t\t\t\t\t\t\t<h4 class=\"xts-section-title title xts-design-default\">\n\t\t\t\t\t\t<span class=\"xts-section-title-text\" data-elementor-setting-key=\"title\">\n\t\t\t\t\t\t\tPRODUCED BY NATURAL METHODS...\t\t\t\t\t\t<\/span>\n\n\t\t\t\t\t\t\t\t\t\t\t<\/h4>\n\t\t\t\t\n\t\t\t\t\n\t\t\t\t\t\t\t<\/div>\n\t\t\t\t\t\t<\/div>\n\t\t\t\t<\/div>\n\t\t\t\t\t<\/div>\n\t\t<\/div>\n\t\t\t\t\t<\/div>\n\t\t<\/section>\n\t\t\t\t<section class=\"elementor-section elementor-top-section elementor-element elementor-element-23f92cb elementor-section-boxed elementor-section-height-default elementor-section-height-default xts-section-disabled\" data-id=\"23f92cb\" data-element_type=\"section\" data-e-type=\"section\">\n\t\t\t\t\t\t<div class=\"elementor-container elementor-column-gap-default\">\n\t\t\t\t\t<div class=\"elementor-column elementor-col-20 elementor-top-column elementor-element elementor-element-bf5a0c6\" data-id=\"bf5a0c6\" data-element_type=\"column\" data-e-type=\"column\">\n\t\t\t<div class=\"elementor-widget-wrap elementor-element-populated\">\n\t\t\t\t\t\t<div class=\"elementor-element elementor-element-a5a29a7 xts-width-100 elementor-widget elementor-widget-xts_title\" data-id=\"a5a29a7\" data-element_type=\"widget\" data-e-type=\"widget\" data-widget_type=\"xts_title.default\">\n\t\t\t\t<div class=\"elementor-widget-container\">\n\t\t\t\t\t\t\t\t<div class=\"xts-section-heading xts-reset-mb-10 xts-reset-last xts-textalign-left\" data-animation-delay=\"\">\n\t\t\t\t\n\t\t\t\t\t\t\t\t\t<h4 class=\"xts-section-title title xts-design-default xts-fontsize-l\">\n\t\t\t\t\t\t<span class=\"xts-section-title-text\" data-elementor-setting-key=\"title\">\n\t\t\t\t\t\t\tDishes Made Well with This Oil\t\t\t\t\t\t<\/span>\n\n\t\t\t\t\t\t\t\t\t\t\t<\/h4>\n\t\t\t\t\n\t\t\t\t\n\t\t\t\t\t\t\t<\/div>\n\t\t\t\t\t\t<\/div>\n\t\t\t\t<\/div>\n\t\t\t\t<div class=\"elementor-element elementor-element-0ddf982 xts-scheme-inherit xts-textalign-inherit elementor-widget elementor-widget-text-editor\" data-id=\"0ddf982\" data-element_type=\"widget\" data-e-type=\"widget\" data-widget_type=\"text-editor.default\">\n\t\t\t\t<div class=\"elementor-widget-container\">\n\t\t\t\t\t\t\t\t\t<div class=\"gtx-body\">Our oil experts think this olive oil would be a match made in heaven with these dishes. Enjoy your meal!<\/div><p><br \/><br \/><\/p>\t\t\t\t\t\t\t\t<\/div>\n\t\t\t\t<\/div>\n\t\t\t\t\t<\/div>\n\t\t<\/div>\n\t\t\t\t<div class=\"elementor-column elementor-col-20 elementor-top-column elementor-element elementor-element-f1f00ab\" data-id=\"f1f00ab\" data-element_type=\"column\" data-e-type=\"column\">\n\t\t\t<div class=\"elementor-widget-wrap elementor-element-populated\">\n\t\t\t\t\t\t<div class=\"elementor-element elementor-element-08635fe elementor-widget elementor-widget-xts_infobox\" data-id=\"08635fe\" data-element_type=\"widget\" data-e-type=\"widget\" data-widget_type=\"xts_infobox.default\">\n\t\t\t\t<div class=\"elementor-widget-container\">\n\t\t\t\t\t\n\t\t<div class=\"xts-infobox xts-textalign-center xts-icon-top\" onclick=\"\">\n\t\t\t\t\t\t\t<div class=\"xts-box-icon-wrapper\">\n\t\t\t\t\t<div class=\"xts-box-icon xts-type-image\">\n\t\t\t\t\t\t<img decoding=\"async\" src=\"https:\/\/www.fdfoodstuff.com\/wp-content\/uploads\/sites\/31\/2021\/10\/varuna-single-product-3-2.png\" title=\"\" alt=\"\" loading=\"lazy\" \/>\t\t\t\t\t<\/div>\n\t\t\t\t<\/div>\n\t\t\t\n\t\t\t<div class=\"xts-box-content xts-reset-mb-10 xts-reset-all-last\">\n\t\t\t\t\n\t\t\t\t\t\t\t\t\t<h4 class=\"xts-box-title title xts-fontsize-m\" data-elementor-setting-key=\"title\">\n\t\t\t\t\t\tPoultry Meat\t\t\t\t\t<\/h4>\n\t\t\t\t\n\t\t\t\t\n\t\t\t\t\t\t\t<\/div>\n\n\t\t\t\t\t\t\t<div class=\"xts-box-overlay xts-fill\"><\/div>\n\t\t\t\t\t<\/div>\n\n\t\t\t\t\t\t<\/div>\n\t\t\t\t<\/div>\n\t\t\t\t\t<\/div>\n\t\t<\/div>\n\t\t\t\t<div class=\"elementor-column elementor-col-20 elementor-top-column elementor-element elementor-element-088349e\" data-id=\"088349e\" data-element_type=\"column\" data-e-type=\"column\">\n\t\t\t<div class=\"elementor-widget-wrap elementor-element-populated\">\n\t\t\t\t\t\t<div class=\"elementor-element elementor-element-26f6724 elementor-widget elementor-widget-xts_infobox\" data-id=\"26f6724\" data-element_type=\"widget\" data-e-type=\"widget\" data-widget_type=\"xts_infobox.default\">\n\t\t\t\t<div class=\"elementor-widget-container\">\n\t\t\t\t\t\n\t\t<div class=\"xts-infobox xts-textalign-center xts-icon-top\" onclick=\"\">\n\t\t\t\t\t\t\t<div class=\"xts-box-icon-wrapper\">\n\t\t\t\t\t<div class=\"xts-box-icon xts-type-image\">\n\t\t\t\t\t\t<img decoding=\"async\" src=\"https:\/\/www.fdfoodstuff.com\/wp-content\/uploads\/sites\/31\/2021\/10\/varuna-single-product-3-3.png\" title=\"\" alt=\"\" loading=\"lazy\" \/>\t\t\t\t\t<\/div>\n\t\t\t\t<\/div>\n\t\t\t\n\t\t\t<div class=\"xts-box-content xts-reset-mb-10 xts-reset-all-last\">\n\t\t\t\t\n\t\t\t\t\t\t\t\t\t<h4 class=\"xts-box-title title xts-fontsize-m\" data-elementor-setting-key=\"title\">\n\t\t\t\t\t\tJuicy Beef\t\t\t\t\t<\/h4>\n\t\t\t\t\n\t\t\t\t\n\t\t\t\t\t\t\t<\/div>\n\n\t\t\t\t\t\t\t<div class=\"xts-box-overlay xts-fill\"><\/div>\n\t\t\t\t\t<\/div>\n\n\t\t\t\t\t\t<\/div>\n\t\t\t\t<\/div>\n\t\t\t\t\t<\/div>\n\t\t<\/div>\n\t\t\t\t<div class=\"elementor-column elementor-col-20 elementor-top-column elementor-element elementor-element-c39781d\" data-id=\"c39781d\" data-element_type=\"column\" data-e-type=\"column\">\n\t\t\t<div class=\"elementor-widget-wrap elementor-element-populated\">\n\t\t\t\t\t\t<div class=\"elementor-element elementor-element-338abda elementor-widget elementor-widget-xts_infobox\" data-id=\"338abda\" data-element_type=\"widget\" data-e-type=\"widget\" data-widget_type=\"xts_infobox.default\">\n\t\t\t\t<div class=\"elementor-widget-container\">\n\t\t\t\t\t\n\t\t<div class=\"xts-infobox xts-textalign-center xts-icon-top\" onclick=\"\">\n\t\t\t\t\t\t\t<div class=\"xts-box-icon-wrapper\">\n\t\t\t\t\t<div class=\"xts-box-icon xts-type-image\">\n\t\t\t\t\t\t<img decoding=\"async\" src=\"https:\/\/www.fdfoodstuff.com\/wp-content\/uploads\/sites\/31\/2021\/10\/varuna-single-product-3-4.png\" title=\"\" alt=\"\" loading=\"lazy\" \/>\t\t\t\t\t<\/div>\n\t\t\t\t<\/div>\n\t\t\t\n\t\t\t<div class=\"xts-box-content xts-reset-mb-10 xts-reset-all-last\">\n\t\t\t\t\n\t\t\t\t\t\t\t\t\t<h4 class=\"xts-box-title title xts-fontsize-m\" data-elementor-setting-key=\"title\">\n\t\t\t\t\t\tItalian Pasta\t\t\t\t\t<\/h4>\n\t\t\t\t\n\t\t\t\t\n\t\t\t\t\t\t\t<\/div>\n\n\t\t\t\t\t\t\t<div class=\"xts-box-overlay xts-fill\"><\/div>\n\t\t\t\t\t<\/div>\n\n\t\t\t\t\t\t<\/div>\n\t\t\t\t<\/div>\n\t\t\t\t\t<\/div>\n\t\t<\/div>\n\t\t\t\t<div class=\"elementor-column elementor-col-20 elementor-top-column elementor-element elementor-element-64e31f2\" data-id=\"64e31f2\" data-element_type=\"column\" data-e-type=\"column\">\n\t\t\t<div class=\"elementor-widget-wrap elementor-element-populated\">\n\t\t\t\t\t\t<div class=\"elementor-element elementor-element-f814475 elementor-widget elementor-widget-xts_infobox\" data-id=\"f814475\" data-element_type=\"widget\" data-e-type=\"widget\" data-widget_type=\"xts_infobox.default\">\n\t\t\t\t<div class=\"elementor-widget-container\">\n\t\t\t\t\t\n\t\t<div class=\"xts-infobox xts-textalign-center xts-icon-top\" onclick=\"\">\n\t\t\t\t\t\t\t<div class=\"xts-box-icon-wrapper\">\n\t\t\t\t\t<div class=\"xts-box-icon xts-type-image\">\n\t\t\t\t\t\t<img decoding=\"async\" src=\"https:\/\/www.fdfoodstuff.com\/wp-content\/uploads\/sites\/31\/2021\/10\/varuna-single-product-3-5.png\" title=\"\" alt=\"\" loading=\"lazy\" \/>\t\t\t\t\t<\/div>\n\t\t\t\t<\/div>\n\t\t\t\n\t\t\t<div class=\"xts-box-content xts-reset-mb-10 xts-reset-all-last\">\n\t\t\t\t\n\t\t\t\t\t\t\t\t\t<h4 class=\"xts-box-title title xts-fontsize-m\" data-elementor-setting-key=\"title\">\n\t\t\t\t\t\tRoast Beef\t\t\t\t\t<\/h4>\n\t\t\t\t\n\t\t\t\t\n\t\t\t\t\t\t\t<\/div>\n\n\t\t\t\t\t\t\t<div class=\"xts-box-overlay xts-fill\"><\/div>\n\t\t\t\t\t<\/div>\n\n\t\t\t\t\t\t<\/div>\n\t\t\t\t<\/div>\n\t\t\t\t\t<\/div>\n\t\t<\/div>\n\t\t\t\t\t<\/div>\n\t\t<\/section>\n\t\t\t\t<\/div>","protected":false},"excerpt":{"rendered":"<div>\n<ul>\n<li>Stoktan H\u0131zl\u0131 Kargo<\/li>\n<li>Adres Teslim<\/li>\n<li>Kap\u0131da \u00d6deme Se\u00e7ene\u011fi<\/li>\n<\/ul>\n<\/div>","protected":false},"featured_media":9668,"comment_status":"open","ping_status":"closed","template":"","meta":[],"product_brand":[],"product_cat":[213],"product_tag":[201,200],"class_list":{"0":"post-9667","1":"product","2":"type-product","3":"status-publish","4":"has-post-thumbnail","6":"product_cat-zeytinyagi","7":"product_tag-geleneksel-uretim-zeytinyagi","8":"product_tag-organik-ve-kaliteli","9":"pa_marka-ozel-oil","11":"first","12":"instock","13":"taxable","14":"shipping-taxable","15":"product-type-simple"},"acf":[],"yoast_head":"<!-- This site is optimized with the Yoast SEO plugin v20.13 - https:\/\/yoast.com\/wordpress\/plugins\/seo\/ -->\n<title>So\u011fuk S\u0131k\u0131m S\u0131zma Zeytin Ya\u011f\u0131 1 Lt - Fd Foodstuff Trad\u0131ng<\/title>\n<meta name=\"robots\" content=\"index, follow, max-snippet:-1, max-image-preview:large, max-video-preview:-1\" \/>\n<link rel=\"canonical\" href=\"https:\/\/www.fdfoodstuff.com\/en\/product\/soguk-sikim-sizma-zeytin-yagi-1-lt\/\" \/>\n<meta property=\"og:locale\" content=\"en_US\" \/>\n<meta property=\"og:type\" content=\"article\" \/>\n<meta property=\"og:title\" content=\"So\u011fuk S\u0131k\u0131m S\u0131zma Zeytin Ya\u011f\u0131 1 Lt - Fd Foodstuff Trad\u0131ng\" \/>\n<meta property=\"og:description\" content=\"Stoktan H\u0131zl\u0131 Kargo  Adres Teslim  Kap\u0131da \u00d6deme Se\u00e7ene\u011fi\" \/>\n<meta property=\"og:url\" content=\"https:\/\/www.fdfoodstuff.com\/en\/product\/soguk-sikim-sizma-zeytin-yagi-1-lt\/\" \/>\n<meta property=\"og:site_name\" content=\"Fd Foodstuff Trad\u0131ng\" \/>\n<meta property=\"article:modified_time\" content=\"2024-02-29T11:36:48+00:00\" \/>\n<meta property=\"og:image\" content=\"https:\/\/www.fdfoodstuff.com\/wp-content\/uploads\/2023\/03\/sizma-zeytin-yagi-1-lt-soguk-sikim.jpg\" \/>\n\t<meta property=\"og:image:width\" content=\"1000\" \/>\n\t<meta property=\"og:image:height\" content=\"1000\" \/>\n\t<meta property=\"og:image:type\" content=\"image\/jpeg\" \/>\n<meta name=\"twitter:card\" content=\"summary_large_image\" \/>\n<meta name=\"twitter:label1\" content=\"Est. reading time\" \/>\n\t<meta name=\"twitter:data1\" content=\"2 minutes\" \/>\n<script type=\"application\/ld+json\" class=\"yoast-schema-graph\">{\"@context\":\"https:\/\/schema.org\",\"@graph\":[{\"@type\":\"WebPage\",\"@id\":\"https:\/\/www.fdfoodstuff.com\/urun\/soguk-sikim-sizma-zeytin-yagi-1-lt\/\",\"url\":\"https:\/\/www.fdfoodstuff.com\/urun\/soguk-sikim-sizma-zeytin-yagi-1-lt\/\",\"name\":\"So\u011fuk S\u0131k\u0131m S\u0131zma Zeytin Ya\u011f\u0131 1 Lt - Fd Foodstuff Trad\u0131ng\",\"isPartOf\":{\"@id\":\"https:\/\/www.fdfoodstuff.com\/#website\"},\"datePublished\":\"2023-03-20T10:49:16+00:00\",\"dateModified\":\"2024-02-29T11:36:48+00:00\",\"breadcrumb\":{\"@id\":\"https:\/\/www.fdfoodstuff.com\/urun\/soguk-sikim-sizma-zeytin-yagi-1-lt\/#breadcrumb\"},\"inLanguage\":\"en-US\",\"potentialAction\":[{\"@type\":\"ReadAction\",\"target\":[\"https:\/\/www.fdfoodstuff.com\/urun\/soguk-sikim-sizma-zeytin-yagi-1-lt\/\"]}]},{\"@type\":\"BreadcrumbList\",\"@id\":\"https:\/\/www.fdfoodstuff.com\/urun\/soguk-sikim-sizma-zeytin-yagi-1-lt\/#breadcrumb\",\"itemListElement\":[{\"@type\":\"ListItem\",\"position\":1,\"name\":\"Anasayfa\",\"item\":\"https:\/\/www.fdfoodstuff.com\/\"},{\"@type\":\"ListItem\",\"position\":2,\"name\":\"Ma\u011faza\",\"item\":\"https:\/\/www.fdfoodstuff.com\/magaza\/\"},{\"@type\":\"ListItem\",\"position\":3,\"name\":\"So\u011fuk S\u0131k\u0131m S\u0131zma Zeytin Ya\u011f\u0131 1 Lt\"}]},{\"@type\":\"WebSite\",\"@id\":\"https:\/\/www.fdfoodstuff.com\/#website\",\"url\":\"https:\/\/www.fdfoodstuff.com\/\",\"name\":\"Fd Foodstuff Trad\u0131ng\",\"description\":\"G\u0131da Ith. Ihr. San. Ve T\u0131c. Ltd. \u015eti\",\"potentialAction\":[{\"@type\":\"SearchAction\",\"target\":{\"@type\":\"EntryPoint\",\"urlTemplate\":\"https:\/\/www.fdfoodstuff.com\/?s={search_term_string}\"},\"query-input\":\"required name=search_term_string\"}],\"inLanguage\":\"en-US\"}]}<\/script>\n<!-- \/ Yoast SEO plugin. -->","yoast_head_json":{"title":"So\u011fuk S\u0131k\u0131m S\u0131zma Zeytin Ya\u011f\u0131 1 Lt - Fd Foodstuff Trad\u0131ng","robots":{"index":"index","follow":"follow","max-snippet":"max-snippet:-1","max-image-preview":"max-image-preview:large","max-video-preview":"max-video-preview:-1"},"canonical":"https:\/\/www.fdfoodstuff.com\/en\/product\/soguk-sikim-sizma-zeytin-yagi-1-lt\/","og_locale":"en_US","og_type":"article","og_title":"So\u011fuk S\u0131k\u0131m S\u0131zma Zeytin Ya\u011f\u0131 1 Lt - Fd Foodstuff Trad\u0131ng","og_description":"Stoktan H\u0131zl\u0131 Kargo  Adres Teslim  Kap\u0131da \u00d6deme Se\u00e7ene\u011fi","og_url":"https:\/\/www.fdfoodstuff.com\/en\/product\/soguk-sikim-sizma-zeytin-yagi-1-lt\/","og_site_name":"Fd Foodstuff Trad\u0131ng","article_modified_time":"2024-02-29T11:36:48+00:00","og_image":[{"width":1000,"height":1000,"url":"https:\/\/www.fdfoodstuff.com\/wp-content\/uploads\/2023\/03\/sizma-zeytin-yagi-1-lt-soguk-sikim.jpg","type":"image\/jpeg"}],"twitter_card":"summary_large_image","twitter_misc":{"Est. reading time":"2 minutes"},"schema":{"@context":"https:\/\/schema.org","@graph":[{"@type":"WebPage","@id":"https:\/\/www.fdfoodstuff.com\/urun\/soguk-sikim-sizma-zeytin-yagi-1-lt\/","url":"https:\/\/www.fdfoodstuff.com\/urun\/soguk-sikim-sizma-zeytin-yagi-1-lt\/","name":"So\u011fuk S\u0131k\u0131m S\u0131zma Zeytin Ya\u011f\u0131 1 Lt - Fd Foodstuff Trad\u0131ng","isPartOf":{"@id":"https:\/\/www.fdfoodstuff.com\/#website"},"datePublished":"2023-03-20T10:49:16+00:00","dateModified":"2024-02-29T11:36:48+00:00","breadcrumb":{"@id":"https:\/\/www.fdfoodstuff.com\/urun\/soguk-sikim-sizma-zeytin-yagi-1-lt\/#breadcrumb"},"inLanguage":"en-US","potentialAction":[{"@type":"ReadAction","target":["https:\/\/www.fdfoodstuff.com\/urun\/soguk-sikim-sizma-zeytin-yagi-1-lt\/"]}]},{"@type":"BreadcrumbList","@id":"https:\/\/www.fdfoodstuff.com\/urun\/soguk-sikim-sizma-zeytin-yagi-1-lt\/#breadcrumb","itemListElement":[{"@type":"ListItem","position":1,"name":"Anasayfa","item":"https:\/\/www.fdfoodstuff.com\/"},{"@type":"ListItem","position":2,"name":"Ma\u011faza","item":"https:\/\/www.fdfoodstuff.com\/magaza\/"},{"@type":"ListItem","position":3,"name":"So\u011fuk S\u0131k\u0131m S\u0131zma Zeytin Ya\u011f\u0131 1 Lt"}]},{"@type":"WebSite","@id":"https:\/\/www.fdfoodstuff.com\/#website","url":"https:\/\/www.fdfoodstuff.com\/","name":"Fd Foodstuff Trading","description":"Food Imp. Ihr. Singing. And Tic. Ltd. Ltd.","potentialAction":[{"@type":"SearchAction","target":{"@type":"EntryPoint","urlTemplate":"https:\/\/www.fdfoodstuff.com\/?s={search_term_string}"},"query-input":"required name=search_term_string"}],"inLanguage":"en-US"}]}},"_links":{"self":[{"href":"https:\/\/www.fdfoodstuff.com\/en\/wp-json\/wp\/v2\/product\/9667","targetHints":{"allow":["GET"]}}],"collection":[{"href":"https:\/\/www.fdfoodstuff.com\/en\/wp-json\/wp\/v2\/product"}],"about":[{"href":"https:\/\/www.fdfoodstuff.com\/en\/wp-json\/wp\/v2\/types\/product"}],"replies":[{"embeddable":true,"href":"https:\/\/www.fdfoodstuff.com\/en\/wp-json\/wp\/v2\/comments?post=9667"}],"version-history":[{"count":3,"href":"https:\/\/www.fdfoodstuff.com\/en\/wp-json\/wp\/v2\/product\/9667\/revisions"}],"predecessor-version":[{"id":9674,"href":"https:\/\/www.fdfoodstuff.com\/en\/wp-json\/wp\/v2\/product\/9667\/revisions\/9674"}],"wp:featuredmedia":[{"embeddable":true,"href":"https:\/\/www.fdfoodstuff.com\/en\/wp-json\/wp\/v2\/media\/9668"}],"wp:attachment":[{"href":"https:\/\/www.fdfoodstuff.com\/en\/wp-json\/wp\/v2\/media?parent=9667"}],"wp:term":[{"taxonomy":"product_brand","embeddable":true,"href":"https:\/\/www.fdfoodstuff.com\/en\/wp-json\/wp\/v2\/product_brand?post=9667"},{"taxonomy":"product_cat","embeddable":true,"href":"https:\/\/www.fdfoodstuff.com\/en\/wp-json\/wp\/v2\/product_cat?post=9667"},{"taxonomy":"product_tag","embeddable":true,"href":"https:\/\/www.fdfoodstuff.com\/en\/wp-json\/wp\/v2\/product_tag?post=9667"}],"curies":[{"name":"wp","href":"https:\/\/api.w.org\/{rel}","templated":true}]}}