{"id":5260,"date":"2021-10-23T06:14:39","date_gmt":"2021-10-23T03:14:39","guid":{"rendered":"http:\/\/192.168.88.218\/?post_type=product&#038;p=5260"},"modified":"2024-02-29T14:37:10","modified_gmt":"2024-02-29T11:37:10","slug":"sizma-zeytin-yagi-5-lt","status":"publish","type":"product","link":"https:\/\/www.fdfoodstuff.com\/en\/product\/sizma-zeytin-yagi-5-lt\/","title":{"rendered":"Extra Virgin Olive Oil 5 Lt"},"content":{"rendered":"<div data-elementor-type=\"wp-post\" data-elementor-id=\"5260\" class=\"elementor elementor-5260\">\n\t\t\t\t\t\t<section class=\"elementor-section elementor-top-section elementor-element elementor-element-c424acf elementor-section-boxed elementor-section-height-default elementor-section-height-default xts-section-disabled\" data-id=\"c424acf\" data-element_type=\"section\" data-e-type=\"section\">\n\t\t\t\t\t\t<div class=\"elementor-container elementor-column-gap-default\">\n\t\t\t\t\t<div class=\"elementor-column elementor-col-50 elementor-top-column elementor-element elementor-element-7c23ef5\" data-id=\"7c23ef5\" data-element_type=\"column\" data-e-type=\"column\">\n\t\t\t<div class=\"elementor-widget-wrap elementor-element-populated\">\n\t\t\t\t\t\t<div class=\"elementor-element elementor-element-8ff6ec6 xts-scheme-inherit xts-textalign-inherit elementor-widget elementor-widget-text-editor\" data-id=\"8ff6ec6\" data-element_type=\"widget\" data-e-type=\"widget\" data-widget_type=\"text-editor.default\">\n\t\t\t\t<div class=\"elementor-widget-container\">\n\t\t\t\t\t\t\t\t\t<h3>Quality Olive Oils<\/h3><p>Buy the highest quality olive oil products at the most affordable price.<\/p><ul><li><p>Quality olives collected in season.<\/p><\/li><li><p>Production from olives using special methods.<\/p><\/li><li><p>Hygienic modern production processes.<\/p><\/li><li>The most affordable prices on the market.<\/li><\/ul>\t\t\t\t\t\t\t\t<\/div>\n\t\t\t\t<\/div>\n\t\t\t\t<div class=\"elementor-element elementor-element-bd2a2c9 elementor-widget elementor-widget-image\" data-id=\"bd2a2c9\" data-element_type=\"widget\" data-e-type=\"widget\" data-widget_type=\"image.default\">\n\t\t\t\t<div class=\"elementor-widget-container\">\n\t\t\t\t\t\t\t\t\t\t\t\t\t\t\t<img fetchpriority=\"high\" decoding=\"async\" width=\"722\" height=\"406\" src=\"data:image\/jpg;base64,\/9j\/4AAQSkZJRgABAQEAYABgAAD\/\/gA7Q1JFQVRPUjogZ2QtanBlZyB2MS4wICh1c2luZyBJSkcgSlBFRyB2NjIpLCBxdWFsaXR5ID0gODIK\/9sAQwAGBAQFBAQGBQUFBgYGBwkOCQkICAkSDQ0KDhUSFhYVEhQUFxohHBcYHxkUFB0nHR8iIyUlJRYcKSwoJCshJCUk\/9sAQwEGBgYJCAkRCQkRJBgUGCQkJCQkJCQkJCQkJCQkJCQkJCQkJCQkJCQkJCQkJCQkJCQkJCQkJCQkJCQkJCQkJCQk\/8AAEQgACgASAwEiAAIRAQMRAf\/EAB8AAAEFAQEBAQEBAAAAAAAAAAABAgMEBQYHCAkKC\/\/EALUQAAIBAwMCBAMFBQQEAAABfQECAwAEEQUSITFBBhNRYQcicRQygZGhCCNCscEVUtHwJDNicoIJChYXGBkaJSYnKCkqNDU2Nzg5OkNERUZHSElKU1RVVldYWVpjZGVmZ2hpanN0dXZ3eHl6g4SFhoeIiYqSk5SVlpeYmZqio6Slpqeoqaqys7S1tre4ubrCw8TFxsfIycrS09TV1tfY2drh4uPk5ebn6Onq8fLz9PX29\/j5+v\/EAB8BAAMBAQEBAQEBAQEAAAAAAAABAgMEBQYHCAkKC\/\/EALURAAIBAgQEAwQHBQQEAAECdwABAgMRBAUhMQYSQVEHYXETIjKBCBRCkaGxwQkjM1LwFWJy0QoWJDThJfEXGBkaJicoKSo1Njc4OTpDREVGR0hJSlNUVVZXWFlaY2RlZmdoaWpzdHV2d3h5eoKDhIWGh4iJipKTlJWWl5iZmqKjpKWmp6ipqrKztLW2t7i5usLDxMXGx8jJytLT1NXW19jZ2uLj5OXm5+jp6vLz9PX29\/j5+v\/aAAwDAQACEQMRAD8A34vCkFzew6ctxJJosuCLreEkD7HcZ3DG3G5c8ZJFT\/8ACPTzQ3WhWV7HL9nfYzyFT5aEArkqOWIzwOgHPWvL9cvLm0snFvcTQhi7N5blckNwTjvwPyr1D4Wos8cVxKokmbBaRxljggDJ69OK8WE3CMvaJS100tp2O2dK7unYpD4Y3WOdStM\/7rf40V7FtX0H5UVX1mj\/AM+\/xZn7Cf8AN+B\/\/9k=\" class=\"attachment-medium_large size-medium_large wp-image-9618 xts-lazy-load xts-lazy-fade\" alt=\"\" srcset=\"\" sizes=\"(max-width: 722px) 100vw, 722px\" data-xts-src=\"https:\/\/www.fdfoodstuff.com\/wp-content\/uploads\/2021\/10\/sizma-zeytinyagi-2.jpg\" data-srcset=\"https:\/\/www.fdfoodstuff.com\/wp-content\/uploads\/2021\/10\/sizma-zeytinyagi-2.jpg 722w, https:\/\/www.fdfoodstuff.com\/wp-content\/uploads\/2021\/10\/sizma-zeytinyagi-2-300x169.jpg 300w, https:\/\/www.fdfoodstuff.com\/wp-content\/uploads\/2021\/10\/sizma-zeytinyagi-2-200x112.jpg 200w\" \/>\t\t\t\t\t\t\t\t\t\t\t\t\t\t\t<\/div>\n\t\t\t\t<\/div>\n\t\t\t\t\t<\/div>\n\t\t<\/div>\n\t\t\t\t<div class=\"elementor-column elementor-col-50 elementor-top-column elementor-element elementor-element-9b32555\" data-id=\"9b32555\" data-element_type=\"column\" data-e-type=\"column\">\n\t\t\t<div class=\"elementor-widget-wrap elementor-element-populated\">\n\t\t\t\t\t\t<div class=\"elementor-element elementor-element-dafa43f xts-scheme-inherit xts-textalign-inherit elementor-widget elementor-widget-text-editor\" data-id=\"dafa43f\" data-element_type=\"widget\" data-e-type=\"widget\" data-widget_type=\"text-editor.default\">\n\t\t\t\t<div class=\"elementor-widget-container\">\n\t\t\t\t\t\t\t\t\t<h3>Don&#039;t Leave Quality to Chance!<\/h3><p>Buy the highest quality olive oil products at the most affordable price.<\/p>\t\t\t\t\t\t\t\t<\/div>\n\t\t\t\t<\/div>\n\t\t\t\t<div class=\"elementor-element elementor-element-ab6ac5d elementor-icon-list--layout-inline elementor-align-start elementor-list-item-link-full_width elementor-widget elementor-widget-icon-list\" data-id=\"ab6ac5d\" data-element_type=\"widget\" data-e-type=\"widget\" data-widget_type=\"icon-list.default\">\n\t\t\t\t<div class=\"elementor-widget-container\">\n\t\t\t\t\t\t\t<ul class=\"elementor-icon-list-items elementor-inline-items\">\n\t\t\t\t\t\t\t<li class=\"elementor-icon-list-item elementor-inline-item\">\n\t\t\t\t\t\t\t\t\t\t\t<span class=\"elementor-icon-list-icon\">\n\t\t\t\t\t\t\t<svg xmlns=\"http:\/\/www.w3.org\/2000\/svg\" width=\"20\" height=\"20\" viewbox=\"0 0 20 20\" fill=\"none\"><path d=\"M19.8721 10.5146L16.8204 5.82315C16.676 5.60118 16.4304 5.46748 16.167 5.46748H12.3707V3.7874C12.3707 3.35252 12.0209 3 11.5894 3H0.78125C0.349766 3 0 3.35252 0 3.7874V15.6378C0 16.0727 0.349766 16.4252 0.78125 16.4252H3.25938C3.58188 17.3417 4.45027 18 5.46875 18C6.48723 18 7.35559 17.3417 7.67812 16.4252H13.1948C13.5173 17.3417 14.3857 18 15.4042 18C16.4227 18 17.291 17.3417 17.6136 16.4252H19.2188C19.6502 16.4252 20 16.0727 20 15.6378V10.9463C20 10.793 19.9555 10.6429 19.8721 10.5146ZM5.46875 16.4252C5.03797 16.4252 4.6875 16.072 4.6875 15.6378C4.6875 15.2036 5.03797 14.8504 5.46875 14.8504C5.89953 14.8504 6.25 15.2036 6.25 15.6378C6.25 16.072 5.89953 16.4252 5.46875 16.4252ZM10.8082 14.8504H7.67809C7.35559 13.9339 6.48719 13.2756 5.46871 13.2756C4.45023 13.2756 3.58188 13.9339 3.25934 14.8504H1.5625V4.5748H10.8082V14.8504ZM15.4042 16.4252C14.9734 16.4252 14.6229 16.072 14.6229 15.6378C14.6229 15.2036 14.9734 14.8504 15.4042 14.8504C15.835 14.8504 16.1854 15.2036 16.1854 15.6378C16.1854 16.072 15.835 16.4252 15.4042 16.4252ZM18.4375 14.8504H17.6135C17.291 13.9339 16.4226 13.2756 15.4041 13.2756C14.3857 13.2756 13.5173 13.9339 13.1948 14.8504H12.3706V7.04228H15.745L18.4375 11.1815V14.8504Z\" fill=\"#EB2E39\"><\/path><\/svg>\t\t\t\t\t\t<\/span>\n\t\t\t\t\t\t\t\t\t\t<span class=\"elementor-icon-list-text\">Free shipping<\/span>\n\t\t\t\t\t\t\t\t\t<\/li>\n\t\t\t\t\t\t\t\t<li class=\"elementor-icon-list-item elementor-inline-item\">\n\t\t\t\t\t\t\t\t\t\t\t<span class=\"elementor-icon-list-icon\">\n\t\t\t\t\t\t\t<svg xmlns=\"http:\/\/www.w3.org\/2000\/svg\" width=\"20\" height=\"20\" viewbox=\"0 0 20 20\" fill=\"none\"><path d=\"M19.2188 0C18.4517 0 1.86242 0 0.78125 0C0.349766 0 0 0.349766 0 0.78125V19.2188C0 19.6502 0.349766 20 0.78125 20H19.2188C19.6502 20 20 19.6502 20 19.2188V0.78125C20 0.349766 19.6502 0 19.2188 0ZM6.17188 1.5625H13.8281V8.52645L10.4384 6.22836C10.1738 6.04891 9.82629 6.04883 9.5616 6.22836L6.17188 8.52645V1.5625ZM18.4375 18.4375H1.5625V1.5625H4.60938V10C4.60938 10.6255 5.31086 10.998 5.82902 10.6466L10 7.81887L14.171 10.6466C14.6855 10.9955 15.3906 10.6298 15.3906 10V1.5625H18.4375V18.4375Z\" fill=\"#EB2E39\"><\/path><\/svg>\t\t\t\t\t\t<\/span>\n\t\t\t\t\t\t\t\t\t\t<span class=\"elementor-icon-list-text\">Return and Exchange<\/span>\n\t\t\t\t\t\t\t\t\t<\/li>\n\t\t\t\t\t\t\t\t<li class=\"elementor-icon-list-item elementor-inline-item\">\n\t\t\t\t\t\t\t\t\t\t\t<span class=\"elementor-icon-list-icon\">\n\t\t\t\t\t\t\t<svg xmlns=\"http:\/\/www.w3.org\/2000\/svg\" width=\"20\" height=\"20\" viewbox=\"0 0 20 20\" fill=\"none\"><path d=\"M17.5148 3.23851L9.80179 0.0597217C9.60857 -0.0198877 9.39139 -0.0199268 9.19821 0.0597217L1.48525 3.23851C1.19149 3.35961 1 3.64429 1 3.96004V7.8243C1 13.1451 4.2398 17.9313 9.20258 19.9421C9.3932 20.0193 9.60676 20.0193 9.79742 19.9421C14.7601 17.9314 18 13.1452 18 7.8243V3.96004C18 3.64429 17.8086 3.35961 17.5148 3.23851V3.23851ZM16.4259 7.8243C16.4259 12.3475 13.75 16.5115 9.5 18.3702C5.36357 16.5611 2.57407 12.4701 2.57407 7.8243V4.4816L9.5 1.62714L16.4259 4.4816V7.8243ZM8.63009 10.4577L12.0129 7.09973C12.3203 6.79465 12.8186 6.79461 13.126 7.09973C13.4333 7.40484 13.4333 7.89949 13.1259 8.20457L9.1866 12.1149C8.87918 12.4201 8.38087 12.42 8.07357 12.1149L5.87404 9.93157C5.56666 9.62645 5.56666 9.1318 5.87404 8.82672C6.18142 8.52164 6.67973 8.5216 6.98707 8.82672L8.63009 10.4577Z\" fill=\"#EB2E39\"><\/path><\/svg>\t\t\t\t\t\t<\/span>\n\t\t\t\t\t\t\t\t\t\t<span class=\"elementor-icon-list-text\">Satisfaction Guaranteed<\/span>\n\t\t\t\t\t\t\t\t\t<\/li>\n\t\t\t\t\t\t<\/ul>\n\t\t\t\t\t\t<\/div>\n\t\t\t\t<\/div>\n\t\t\t\t<div class=\"elementor-element elementor-element-d3390f4 xts-scheme-inherit xts-textalign-inherit elementor-widget elementor-widget-text-editor\" data-id=\"d3390f4\" data-element_type=\"widget\" data-e-type=\"widget\" data-widget_type=\"text-editor.default\">\n\t\t\t\t<div class=\"elementor-widget-container\">\n\t\t\t\t\t\t\t\t\t<h3>Many reasons to trust this product<\/h3><ol><li><p>Quality olives collected in season.<\/p><\/li><li><p>Production from olives using special methods.<\/p><\/li><li><p>Hygienic modern production processes.<\/p><\/li><li>The most affordable prices on the market.<\/li><\/ol>\t\t\t\t\t\t\t\t<\/div>\n\t\t\t\t<\/div>\n\t\t\t\t<div class=\"elementor-element elementor-element-7db0360 elementor-widget elementor-widget-image\" data-id=\"7db0360\" data-element_type=\"widget\" data-e-type=\"widget\" data-widget_type=\"image.default\">\n\t\t\t\t<div class=\"elementor-widget-container\">\n\t\t\t\t\t\t\t\t\t\t\t\t\t\t\t<img decoding=\"async\" width=\"768\" height=\"432\" src=\"data:image\/webp;base64,UklGRroAAABXRUJQVlA4IK4AAADwAwCdASoSAAoAPkkci0OkIiGYBABABISgAAXAKXhmhYYJvSIRpSgAAP6+j4Cl59efgsNomqEioCtYNJOp\/WMKIfH\/e6U2yfYEBeV+En9qFPs+rGGI+N94XhjwvVe0kgaDubuBEJMltYPsPxh8AGEef9OSULaQK+2DsXGMKX\/QoD8a\/XtH04fOAN0IJYN14HvBxux46H1Oag\/84BrWkQvPxoqU9mhiIOvfiaG4AAA=\" class=\"attachment-medium_large size-medium_large wp-image-9626 xts-lazy-load xts-lazy-fade\" alt=\"\" srcset=\"\" sizes=\"(max-width: 768px) 100vw, 768px\" data-xts-src=\"https:\/\/www.fdfoodstuff.com\/wp-content\/uploads\/2021\/10\/zeytinyagi_uretimi-1-768x432.webp\" data-srcset=\"https:\/\/www.fdfoodstuff.com\/wp-content\/uploads\/2021\/10\/zeytinyagi_uretimi-1-768x432.webp 768w, https:\/\/www.fdfoodstuff.com\/wp-content\/uploads\/2021\/10\/zeytinyagi_uretimi-1-300x169.webp 300w, https:\/\/www.fdfoodstuff.com\/wp-content\/uploads\/2021\/10\/zeytinyagi_uretimi-1-1024x576.webp 1024w, https:\/\/www.fdfoodstuff.com\/wp-content\/uploads\/2021\/10\/zeytinyagi_uretimi-1-800x450.webp 800w, https:\/\/www.fdfoodstuff.com\/wp-content\/uploads\/2021\/10\/zeytinyagi_uretimi-1-900x506.webp 900w, https:\/\/www.fdfoodstuff.com\/wp-content\/uploads\/2021\/10\/zeytinyagi_uretimi-1-200x113.webp 200w, https:\/\/www.fdfoodstuff.com\/wp-content\/uploads\/2021\/10\/zeytinyagi_uretimi-1.webp 1280w\" \/>\t\t\t\t\t\t\t\t\t\t\t\t\t\t\t<\/div>\n\t\t\t\t<\/div>\n\t\t\t\t\t<\/div>\n\t\t<\/div>\n\t\t\t\t\t<\/div>\n\t\t<\/section>\n\t\t\t\t<\/div>","protected":false},"excerpt":{"rendered":"<div>\n<ul>\n<li>Stoktan H\u0131zl\u0131 Kargo<\/li>\n<li>Adres Teslim<\/li>\n<li>Kap\u0131da \u00d6deme Se\u00e7ene\u011fi<\/li>\n<\/ul>\n<\/div>","protected":false},"featured_media":9641,"comment_status":"open","ping_status":"closed","template":"","meta":[],"product_brand":[],"product_cat":[213],"product_tag":[210,211],"class_list":{"0":"post-5260","1":"product","2":"type-product","3":"status-publish","4":"has-post-thumbnail","6":"product_cat-zeytinyagi","7":"product_tag-5-literil-zeytinyagi","8":"product_tag-uygun-fiyatli-zeytinyaglari","10":"first","11":"instock","12":"taxable","13":"shipping-taxable","14":"product-type-simple"},"acf":[],"yoast_head":"<!-- This site is optimized with the Yoast SEO plugin v20.13 - https:\/\/yoast.com\/wordpress\/plugins\/seo\/ -->\n<title>S\u0131zma Zeytin Ya\u011f\u0131 5 Lt - Fd Foodstuff Trad\u0131ng<\/title>\n<meta name=\"robots\" content=\"index, follow, max-snippet:-1, max-image-preview:large, max-video-preview:-1\" \/>\n<link rel=\"canonical\" href=\"https:\/\/www.fdfoodstuff.com\/en\/product\/sizma-zeytin-yagi-5-lt\/\" \/>\n<meta property=\"og:locale\" content=\"en_US\" \/>\n<meta property=\"og:type\" content=\"article\" \/>\n<meta property=\"og:title\" content=\"S\u0131zma Zeytin Ya\u011f\u0131 5 Lt - Fd Foodstuff Trad\u0131ng\" \/>\n<meta property=\"og:description\" content=\"Stoktan H\u0131zl\u0131 Kargo  Adres Teslim  Kap\u0131da \u00d6deme Se\u00e7ene\u011fi\" \/>\n<meta property=\"og:url\" content=\"https:\/\/www.fdfoodstuff.com\/en\/product\/sizma-zeytin-yagi-5-lt\/\" \/>\n<meta property=\"og:site_name\" content=\"Fd Foodstuff Trad\u0131ng\" \/>\n<meta property=\"article:modified_time\" content=\"2024-02-29T11:37:10+00:00\" \/>\n<meta property=\"og:image\" content=\"https:\/\/www.fdfoodstuff.com\/wp-content\/uploads\/2021\/10\/sizma-zeytinyagi-5-lt.jpg\" \/>\n\t<meta property=\"og:image:width\" content=\"675\" \/>\n\t<meta property=\"og:image:height\" content=\"675\" \/>\n\t<meta property=\"og:image:type\" content=\"image\/jpeg\" \/>\n<meta name=\"twitter:card\" content=\"summary_large_image\" \/>\n<meta name=\"twitter:label1\" content=\"Est. reading time\" \/>\n\t<meta name=\"twitter:data1\" content=\"1 minute\" \/>\n<script type=\"application\/ld+json\" class=\"yoast-schema-graph\">{\"@context\":\"https:\/\/schema.org\",\"@graph\":[{\"@type\":\"WebPage\",\"@id\":\"https:\/\/www.fdfoodstuff.com\/urun\/sizma-zeytin-yagi-5-lt\/\",\"url\":\"https:\/\/www.fdfoodstuff.com\/urun\/sizma-zeytin-yagi-5-lt\/\",\"name\":\"S\u0131zma Zeytin Ya\u011f\u0131 5 Lt - Fd Foodstuff Trad\u0131ng\",\"isPartOf\":{\"@id\":\"https:\/\/www.fdfoodstuff.com\/#website\"},\"datePublished\":\"2021-10-23T03:14:39+00:00\",\"dateModified\":\"2024-02-29T11:37:10+00:00\",\"breadcrumb\":{\"@id\":\"https:\/\/www.fdfoodstuff.com\/urun\/sizma-zeytin-yagi-5-lt\/#breadcrumb\"},\"inLanguage\":\"en-US\",\"potentialAction\":[{\"@type\":\"ReadAction\",\"target\":[\"https:\/\/www.fdfoodstuff.com\/urun\/sizma-zeytin-yagi-5-lt\/\"]}]},{\"@type\":\"BreadcrumbList\",\"@id\":\"https:\/\/www.fdfoodstuff.com\/urun\/sizma-zeytin-yagi-5-lt\/#breadcrumb\",\"itemListElement\":[{\"@type\":\"ListItem\",\"position\":1,\"name\":\"Anasayfa\",\"item\":\"https:\/\/www.fdfoodstuff.com\/\"},{\"@type\":\"ListItem\",\"position\":2,\"name\":\"Ma\u011faza\",\"item\":\"https:\/\/www.fdfoodstuff.com\/magaza\/\"},{\"@type\":\"ListItem\",\"position\":3,\"name\":\"S\u0131zma Zeytin Ya\u011f\u0131 5 Lt\"}]},{\"@type\":\"WebSite\",\"@id\":\"https:\/\/www.fdfoodstuff.com\/#website\",\"url\":\"https:\/\/www.fdfoodstuff.com\/\",\"name\":\"Fd Foodstuff Trad\u0131ng\",\"description\":\"G\u0131da Ith. Ihr. San. Ve T\u0131c. Ltd. \u015eti\",\"potentialAction\":[{\"@type\":\"SearchAction\",\"target\":{\"@type\":\"EntryPoint\",\"urlTemplate\":\"https:\/\/www.fdfoodstuff.com\/?s={search_term_string}\"},\"query-input\":\"required name=search_term_string\"}],\"inLanguage\":\"en-US\"}]}<\/script>\n<!-- \/ Yoast SEO plugin. -->","yoast_head_json":{"title":"S\u0131zma Zeytin Ya\u011f\u0131 5 Lt - Fd Foodstuff Trad\u0131ng","robots":{"index":"index","follow":"follow","max-snippet":"max-snippet:-1","max-image-preview":"max-image-preview:large","max-video-preview":"max-video-preview:-1"},"canonical":"https:\/\/www.fdfoodstuff.com\/en\/product\/sizma-zeytin-yagi-5-lt\/","og_locale":"en_US","og_type":"article","og_title":"S\u0131zma Zeytin Ya\u011f\u0131 5 Lt - Fd Foodstuff Trad\u0131ng","og_description":"Stoktan H\u0131zl\u0131 Kargo  Adres Teslim  Kap\u0131da \u00d6deme Se\u00e7ene\u011fi","og_url":"https:\/\/www.fdfoodstuff.com\/en\/product\/sizma-zeytin-yagi-5-lt\/","og_site_name":"Fd Foodstuff Trad\u0131ng","article_modified_time":"2024-02-29T11:37:10+00:00","og_image":[{"width":675,"height":675,"url":"https:\/\/www.fdfoodstuff.com\/wp-content\/uploads\/2021\/10\/sizma-zeytinyagi-5-lt.jpg","type":"image\/jpeg"}],"twitter_card":"summary_large_image","twitter_misc":{"Est. reading time":"1 minute"},"schema":{"@context":"https:\/\/schema.org","@graph":[{"@type":"WebPage","@id":"https:\/\/www.fdfoodstuff.com\/urun\/sizma-zeytin-yagi-5-lt\/","url":"https:\/\/www.fdfoodstuff.com\/urun\/sizma-zeytin-yagi-5-lt\/","name":"S\u0131zma Zeytin Ya\u011f\u0131 5 Lt - Fd Foodstuff Trad\u0131ng","isPartOf":{"@id":"https:\/\/www.fdfoodstuff.com\/#website"},"datePublished":"2021-10-23T03:14:39+00:00","dateModified":"2024-02-29T11:37:10+00:00","breadcrumb":{"@id":"https:\/\/www.fdfoodstuff.com\/urun\/sizma-zeytin-yagi-5-lt\/#breadcrumb"},"inLanguage":"en-US","potentialAction":[{"@type":"ReadAction","target":["https:\/\/www.fdfoodstuff.com\/urun\/sizma-zeytin-yagi-5-lt\/"]}]},{"@type":"BreadcrumbList","@id":"https:\/\/www.fdfoodstuff.com\/urun\/sizma-zeytin-yagi-5-lt\/#breadcrumb","itemListElement":[{"@type":"ListItem","position":1,"name":"Anasayfa","item":"https:\/\/www.fdfoodstuff.com\/"},{"@type":"ListItem","position":2,"name":"Ma\u011faza","item":"https:\/\/www.fdfoodstuff.com\/magaza\/"},{"@type":"ListItem","position":3,"name":"S\u0131zma Zeytin Ya\u011f\u0131 5 Lt"}]},{"@type":"WebSite","@id":"https:\/\/www.fdfoodstuff.com\/#website","url":"https:\/\/www.fdfoodstuff.com\/","name":"Fd Foodstuff Trading","description":"Food Imp. Ihr. Singing. And Tic. Ltd. Ltd.","potentialAction":[{"@type":"SearchAction","target":{"@type":"EntryPoint","urlTemplate":"https:\/\/www.fdfoodstuff.com\/?s={search_term_string}"},"query-input":"required name=search_term_string"}],"inLanguage":"en-US"}]}},"_links":{"self":[{"href":"https:\/\/www.fdfoodstuff.com\/en\/wp-json\/wp\/v2\/product\/5260","targetHints":{"allow":["GET"]}}],"collection":[{"href":"https:\/\/www.fdfoodstuff.com\/en\/wp-json\/wp\/v2\/product"}],"about":[{"href":"https:\/\/www.fdfoodstuff.com\/en\/wp-json\/wp\/v2\/types\/product"}],"replies":[{"embeddable":true,"href":"https:\/\/www.fdfoodstuff.com\/en\/wp-json\/wp\/v2\/comments?post=5260"}],"version-history":[{"count":3,"href":"https:\/\/www.fdfoodstuff.com\/en\/wp-json\/wp\/v2\/product\/5260\/revisions"}],"predecessor-version":[{"id":9680,"href":"https:\/\/www.fdfoodstuff.com\/en\/wp-json\/wp\/v2\/product\/5260\/revisions\/9680"}],"wp:featuredmedia":[{"embeddable":true,"href":"https:\/\/www.fdfoodstuff.com\/en\/wp-json\/wp\/v2\/media\/9641"}],"wp:attachment":[{"href":"https:\/\/www.fdfoodstuff.com\/en\/wp-json\/wp\/v2\/media?parent=5260"}],"wp:term":[{"taxonomy":"product_brand","embeddable":true,"href":"https:\/\/www.fdfoodstuff.com\/en\/wp-json\/wp\/v2\/product_brand?post=5260"},{"taxonomy":"product_cat","embeddable":true,"href":"https:\/\/www.fdfoodstuff.com\/en\/wp-json\/wp\/v2\/product_cat?post=5260"},{"taxonomy":"product_tag","embeddable":true,"href":"https:\/\/www.fdfoodstuff.com\/en\/wp-json\/wp\/v2\/product_tag?post=5260"}],"curies":[{"name":"wp","href":"https:\/\/api.w.org\/{rel}","templated":true}]}}