{"id":10067,"date":"2024-02-29T16:59:22","date_gmt":"2024-02-29T13:59:22","guid":{"rendered":"https:\/\/www.fdfoodstuff.com\/?post_type=product&#038;p=10067"},"modified":"2024-02-29T16:59:24","modified_gmt":"2024-02-29T13:59:24","slug":"tavuk-but","status":"publish","type":"product","link":"https:\/\/www.fdfoodstuff.com\/en\/product\/tavuk-but\/","title":{"rendered":"Chicken leg"},"content":{"rendered":"<p>Operating in the field of Foreign Trade, Fd Foodstuff Trading G\u0131da \u0130th. expulsion Singing. And Trade. Ltd. Ltd. Our company provides chicken import and export services. Foreign Trade is an experienced company that has been serving in the food industry for many years.<\/p>\n<p>Serving in the sector with years of experience in the region, Fd Foodstuff Trading G\u0131da \u0130th. expulsion Singing. And Trade. Ltd. Ltd. Our company always offers the best quality service at affordable prices with its experienced staff.<\/p>","protected":false},"excerpt":{"rendered":"<p>D\u0131\u015f Ticaret alan\u0131nda faaliyet g\u00f6steren, Fd Foodstuff Trading G\u0131da \u0130th. \u0130hr. San. Ve Tic. Ltd. \u015eti. firmam\u0131z, Tavuk ithalat ve ihracat hizmeti vermektedir. Uzun y\u0131llardan beri D\u0131\u015f Ticaret g\u0131da sekt\u00f6r\u00fcnde hizmet veren deneyimli bir firmad\u0131r. B\u00f6lgede y\u0131llar\u0131n verdi\u011fi deneyimle sekt\u00f6rde hizmet veren Fd Foodstuff Trading G\u0131da \u0130th. \u0130hr. San. Ve Tic. Ltd. \u015eti. \u015eti firmam\u0131z [&hellip;]<\/p>\n","protected":false},"featured_media":10069,"comment_status":"open","ping_status":"closed","template":"","meta":[],"product_brand":[],"product_cat":[218],"product_tag":[],"class_list":{"0":"post-10067","1":"product","2":"type-product","3":"status-publish","4":"has-post-thumbnail","6":"product_cat-tavuk-eti","8":"first","9":"instock","10":"taxable","11":"shipping-taxable","12":"product-type-simple"},"acf":[],"yoast_head":"<!-- This site is optimized with the Yoast SEO plugin v20.13 - https:\/\/yoast.com\/wordpress\/plugins\/seo\/ -->\n<title>Tavuk But - Fd Foodstuff Trad\u0131ng<\/title>\n<meta name=\"robots\" content=\"index, follow, max-snippet:-1, max-image-preview:large, max-video-preview:-1\" \/>\n<link rel=\"canonical\" href=\"https:\/\/www.fdfoodstuff.com\/en\/product\/tavuk-but\/\" \/>\n<meta property=\"og:locale\" content=\"en_US\" \/>\n<meta property=\"og:type\" content=\"article\" \/>\n<meta property=\"og:title\" content=\"Tavuk But - Fd Foodstuff Trad\u0131ng\" \/>\n<meta property=\"og:description\" content=\"D\u0131\u015f Ticaret alan\u0131nda faaliyet g\u00f6steren, Fd Foodstuff Trading G\u0131da \u0130th. \u0130hr. San. Ve Tic. Ltd. \u015eti. firmam\u0131z, Tavuk ithalat ve ihracat hizmeti vermektedir. Uzun y\u0131llardan beri D\u0131\u015f Ticaret g\u0131da sekt\u00f6r\u00fcnde hizmet veren deneyimli bir firmad\u0131r. B\u00f6lgede y\u0131llar\u0131n verdi\u011fi deneyimle sekt\u00f6rde hizmet veren Fd Foodstuff Trading G\u0131da \u0130th. \u0130hr. San. Ve Tic. Ltd. \u015eti. \u015eti firmam\u0131z [&hellip;]\" \/>\n<meta property=\"og:url\" content=\"https:\/\/www.fdfoodstuff.com\/en\/product\/tavuk-but\/\" \/>\n<meta property=\"og:site_name\" content=\"Fd Foodstuff Trad\u0131ng\" \/>\n<meta property=\"article:modified_time\" content=\"2024-02-29T13:59:24+00:00\" \/>\n<meta property=\"og:image\" content=\"https:\/\/www.fdfoodstuff.com\/wp-content\/uploads\/2024\/02\/but.jpg\" \/>\n\t<meta property=\"og:image:width\" content=\"650\" \/>\n\t<meta property=\"og:image:height\" content=\"487\" \/>\n\t<meta property=\"og:image:type\" content=\"image\/jpeg\" \/>\n<meta name=\"twitter:card\" content=\"summary_large_image\" \/>\n<meta name=\"twitter:label1\" content=\"Est. reading time\" \/>\n\t<meta name=\"twitter:data1\" content=\"1 minute\" \/>\n<script type=\"application\/ld+json\" class=\"yoast-schema-graph\">{\"@context\":\"https:\/\/schema.org\",\"@graph\":[{\"@type\":\"WebPage\",\"@id\":\"https:\/\/www.fdfoodstuff.com\/urun\/tavuk-but\/\",\"url\":\"https:\/\/www.fdfoodstuff.com\/urun\/tavuk-but\/\",\"name\":\"Tavuk But - Fd Foodstuff Trad\u0131ng\",\"isPartOf\":{\"@id\":\"https:\/\/www.fdfoodstuff.com\/#website\"},\"datePublished\":\"2024-02-29T13:59:22+00:00\",\"dateModified\":\"2024-02-29T13:59:24+00:00\",\"breadcrumb\":{\"@id\":\"https:\/\/www.fdfoodstuff.com\/urun\/tavuk-but\/#breadcrumb\"},\"inLanguage\":\"en-US\",\"potentialAction\":[{\"@type\":\"ReadAction\",\"target\":[\"https:\/\/www.fdfoodstuff.com\/urun\/tavuk-but\/\"]}]},{\"@type\":\"BreadcrumbList\",\"@id\":\"https:\/\/www.fdfoodstuff.com\/urun\/tavuk-but\/#breadcrumb\",\"itemListElement\":[{\"@type\":\"ListItem\",\"position\":1,\"name\":\"Anasayfa\",\"item\":\"https:\/\/www.fdfoodstuff.com\/\"},{\"@type\":\"ListItem\",\"position\":2,\"name\":\"Ma\u011faza\",\"item\":\"https:\/\/www.fdfoodstuff.com\/magaza\/\"},{\"@type\":\"ListItem\",\"position\":3,\"name\":\"Tavuk But\"}]},{\"@type\":\"WebSite\",\"@id\":\"https:\/\/www.fdfoodstuff.com\/#website\",\"url\":\"https:\/\/www.fdfoodstuff.com\/\",\"name\":\"Fd Foodstuff Trad\u0131ng\",\"description\":\"G\u0131da Ith. Ihr. San. Ve T\u0131c. Ltd. \u015eti\",\"potentialAction\":[{\"@type\":\"SearchAction\",\"target\":{\"@type\":\"EntryPoint\",\"urlTemplate\":\"https:\/\/www.fdfoodstuff.com\/?s={search_term_string}\"},\"query-input\":\"required name=search_term_string\"}],\"inLanguage\":\"en-US\"}]}<\/script>\n<!-- \/ Yoast SEO plugin. -->","yoast_head_json":{"title":"Tavuk But - Fd Foodstuff Trad\u0131ng","robots":{"index":"index","follow":"follow","max-snippet":"max-snippet:-1","max-image-preview":"max-image-preview:large","max-video-preview":"max-video-preview:-1"},"canonical":"https:\/\/www.fdfoodstuff.com\/en\/product\/tavuk-but\/","og_locale":"en_US","og_type":"article","og_title":"Tavuk But - Fd Foodstuff Trad\u0131ng","og_description":"D\u0131\u015f Ticaret alan\u0131nda faaliyet g\u00f6steren, Fd Foodstuff Trading G\u0131da \u0130th. \u0130hr. San. Ve Tic. Ltd. \u015eti. firmam\u0131z, Tavuk ithalat ve ihracat hizmeti vermektedir. Uzun y\u0131llardan beri D\u0131\u015f Ticaret g\u0131da sekt\u00f6r\u00fcnde hizmet veren deneyimli bir firmad\u0131r. B\u00f6lgede y\u0131llar\u0131n verdi\u011fi deneyimle sekt\u00f6rde hizmet veren Fd Foodstuff Trading G\u0131da \u0130th. \u0130hr. San. Ve Tic. Ltd. \u015eti. \u015eti firmam\u0131z [&hellip;]","og_url":"https:\/\/www.fdfoodstuff.com\/en\/product\/tavuk-but\/","og_site_name":"Fd Foodstuff Trad\u0131ng","article_modified_time":"2024-02-29T13:59:24+00:00","og_image":[{"width":650,"height":487,"url":"https:\/\/www.fdfoodstuff.com\/wp-content\/uploads\/2024\/02\/but.jpg","type":"image\/jpeg"}],"twitter_card":"summary_large_image","twitter_misc":{"Est. reading time":"1 minute"},"schema":{"@context":"https:\/\/schema.org","@graph":[{"@type":"WebPage","@id":"https:\/\/www.fdfoodstuff.com\/urun\/tavuk-but\/","url":"https:\/\/www.fdfoodstuff.com\/urun\/tavuk-but\/","name":"Tavuk But - Fd Foodstuff Trad\u0131ng","isPartOf":{"@id":"https:\/\/www.fdfoodstuff.com\/#website"},"datePublished":"2024-02-29T13:59:22+00:00","dateModified":"2024-02-29T13:59:24+00:00","breadcrumb":{"@id":"https:\/\/www.fdfoodstuff.com\/urun\/tavuk-but\/#breadcrumb"},"inLanguage":"en-US","potentialAction":[{"@type":"ReadAction","target":["https:\/\/www.fdfoodstuff.com\/urun\/tavuk-but\/"]}]},{"@type":"BreadcrumbList","@id":"https:\/\/www.fdfoodstuff.com\/urun\/tavuk-but\/#breadcrumb","itemListElement":[{"@type":"ListItem","position":1,"name":"Anasayfa","item":"https:\/\/www.fdfoodstuff.com\/"},{"@type":"ListItem","position":2,"name":"Ma\u011faza","item":"https:\/\/www.fdfoodstuff.com\/magaza\/"},{"@type":"ListItem","position":3,"name":"Tavuk But"}]},{"@type":"WebSite","@id":"https:\/\/www.fdfoodstuff.com\/#website","url":"https:\/\/www.fdfoodstuff.com\/","name":"Fd Foodstuff Trading","description":"Food Imp. Ihr. Singing. And Tic. Ltd. Ltd.","potentialAction":[{"@type":"SearchAction","target":{"@type":"EntryPoint","urlTemplate":"https:\/\/www.fdfoodstuff.com\/?s={search_term_string}"},"query-input":"required name=search_term_string"}],"inLanguage":"en-US"}]}},"_links":{"self":[{"href":"https:\/\/www.fdfoodstuff.com\/en\/wp-json\/wp\/v2\/product\/10067","targetHints":{"allow":["GET"]}}],"collection":[{"href":"https:\/\/www.fdfoodstuff.com\/en\/wp-json\/wp\/v2\/product"}],"about":[{"href":"https:\/\/www.fdfoodstuff.com\/en\/wp-json\/wp\/v2\/types\/product"}],"replies":[{"embeddable":true,"href":"https:\/\/www.fdfoodstuff.com\/en\/wp-json\/wp\/v2\/comments?post=10067"}],"version-history":[{"count":1,"href":"https:\/\/www.fdfoodstuff.com\/en\/wp-json\/wp\/v2\/product\/10067\/revisions"}],"predecessor-version":[{"id":10070,"href":"https:\/\/www.fdfoodstuff.com\/en\/wp-json\/wp\/v2\/product\/10067\/revisions\/10070"}],"wp:featuredmedia":[{"embeddable":true,"href":"https:\/\/www.fdfoodstuff.com\/en\/wp-json\/wp\/v2\/media\/10069"}],"wp:attachment":[{"href":"https:\/\/www.fdfoodstuff.com\/en\/wp-json\/wp\/v2\/media?parent=10067"}],"wp:term":[{"taxonomy":"product_brand","embeddable":true,"href":"https:\/\/www.fdfoodstuff.com\/en\/wp-json\/wp\/v2\/product_brand?post=10067"},{"taxonomy":"product_cat","embeddable":true,"href":"https:\/\/www.fdfoodstuff.com\/en\/wp-json\/wp\/v2\/product_cat?post=10067"},{"taxonomy":"product_tag","embeddable":true,"href":"https:\/\/www.fdfoodstuff.com\/en\/wp-json\/wp\/v2\/product_tag?post=10067"}],"curies":[{"name":"wp","href":"https:\/\/api.w.org\/{rel}","templated":true}]}}