{"id":5419,"date":"2021-08-26T14:03:24","date_gmt":"2021-08-26T11:03:24","guid":{"rendered":"http:\/\/192.168.88.218\/?page_id=5419"},"modified":"2024-02-28T14:53:37","modified_gmt":"2024-02-28T11:53:37","slug":"hakkimizda","status":"publish","type":"page","link":"https:\/\/www.fdfoodstuff.com\/en\/hakkimizda\/","title":{"rendered":"about us"},"content":{"rendered":"<div data-elementor-type=\"wp-page\" data-elementor-id=\"5419\" class=\"elementor elementor-5419\">\n\t\t\t\t\t\t<section class=\"elementor-section elementor-top-section elementor-element elementor-element-399ac81 elementor-section-boxed elementor-section-height-default elementor-section-height-default xts-section-disabled\" data-id=\"399ac81\" data-element_type=\"section\" data-e-type=\"section\">\n\t\t\t\t\t\t<div class=\"elementor-container elementor-column-gap-extended\">\n\t\t\t\t\t<div class=\"elementor-column elementor-col-50 elementor-top-column elementor-element elementor-element-d955426\" data-id=\"d955426\" data-element_type=\"column\" data-e-type=\"column\">\n\t\t\t<div class=\"elementor-widget-wrap elementor-element-populated\">\n\t\t\t\t\t\t<div class=\"elementor-element elementor-element-9d96241 xts-width-100 elementor-widget elementor-widget-xts_title\" data-id=\"9d96241\" data-element_type=\"widget\" data-e-type=\"widget\" data-widget_type=\"xts_title.default\">\n\t\t\t\t<div class=\"elementor-widget-container\">\n\t\t\t\t\t\t\t\t<div class=\"xts-section-heading xts-reset-mb-10 xts-reset-last xts-textalign-left\" data-animation-delay=\"\">\n\t\t\t\t\n\t\t\t\t\t\t\t\t\t<h4 class=\"xts-section-title title xts-design-default xts-fontsize-xxl\">\n\t\t\t\t\t\t<span class=\"xts-section-title-text\" data-elementor-setting-key=\"title\">\n\t\t\t\t\t\t\tThe Center of the Best Quality Products\t\t\t\t\t\t<\/span>\n\n\t\t\t\t\t\t\t\t\t\t\t<\/h4>\n\t\t\t\t\n\t\t\t\t\n\t\t\t\t\t\t\t\t\t<div class=\"xts-section-desc\">\n\t\t\t\t\t\t<div class=\"xts-section-desc-text xts-reset-all-last\" data-elementor-setting-key=\"description\">\n\t\t\t\t\t\t\t<p>Operating in the field of Foreign Trade, Fd Foodstuff Trading G\u0131da Ith. Ihr. Singing. And Tic. Ltd. Our company is an experienced company that has been serving in the Foreign Trade food industry for many years. Serving in the sector with years of experience in the region, Fd Foodstuff Trading G\u0131da Ith. Ihr. Singing. And Tic. Ltd. Our company always offers the best quality service at affordable prices with its experienced staff.<\/p><p>\u00a0<\/p><p>You can always place an order from our website, where you can supply the best quality products, with fast shipping and payment at the door option.<\/p>\t\t\t\t\t\t<\/div>\n\t\t\t\t\t<\/div>\n\t\t\t\t\t\t\t<\/div>\n\t\t\t\t\t\t<\/div>\n\t\t\t\t<\/div>\n\t\t\t\t\t<\/div>\n\t\t<\/div>\n\t\t\t\t<div class=\"elementor-column elementor-col-50 elementor-top-column elementor-element elementor-element-4a015f5\" data-id=\"4a015f5\" data-element_type=\"column\" data-e-type=\"column\">\n\t\t\t<div class=\"elementor-widget-wrap elementor-element-populated\">\n\t\t\t\t\t\t<div class=\"elementor-element elementor-element-f398b9b elementor-widget__width-auto elementor-widget elementor-widget-xts_image\" data-id=\"f398b9b\" data-element_type=\"widget\" data-e-type=\"widget\" data-widget_type=\"xts_image.default\">\n\t\t\t\t<div class=\"elementor-widget-container\">\n\t\t\t\t\t\t\t\t<div class=\"xts-image-single xts-textalign-right\">\n\t\t\t\t<figure class=\"xts-image\">\n\t\t\t\t\t\t\t\t\t\t\t<div class=\"xts-image-inner\">\n\t\t\t\t\t\n\t\t\t\t\t\t<img fetchpriority=\"high\" decoding=\"async\" width=\"1286\" height=\"793\" src=\"data:image\/jpg;base64,\/9j\/4AAQSkZJRgABAQEAYABgAAD\/\/gA7Q1JFQVRPUjogZ2QtanBlZyB2MS4wICh1c2luZyBJSkcgSlBFRyB2NjIpLCBxdWFsaXR5ID0gODIK\/9sAQwAGBAQFBAQGBQUFBgYGBwkOCQkICAkSDQ0KDhUSFhYVEhQUFxohHBcYHxkUFB0nHR8iIyUlJRYcKSwoJCshJCUk\/9sAQwEGBgYJCAkRCQkRJBgUGCQkJCQkJCQkJCQkJCQkJCQkJCQkJCQkJCQkJCQkJCQkJCQkJCQkJCQkJCQkJCQkJCQk\/8AAEQgACgARAwEiAAIRAQMRAf\/EAB8AAAEFAQEBAQEBAAAAAAAAAAABAgMEBQYHCAkKC\/\/EALUQAAIBAwMCBAMFBQQEAAABfQECAwAEEQUSITFBBhNRYQcicRQygZGhCCNCscEVUtHwJDNicoIJChYXGBkaJSYnKCkqNDU2Nzg5OkNERUZHSElKU1RVVldYWVpjZGVmZ2hpanN0dXZ3eHl6g4SFhoeIiYqSk5SVlpeYmZqio6Slpqeoqaqys7S1tre4ubrCw8TFxsfIycrS09TV1tfY2drh4uPk5ebn6Onq8fLz9PX29\/j5+v\/EAB8BAAMBAQEBAQEBAQEAAAAAAAABAgMEBQYHCAkKC\/\/EALURAAIBAgQEAwQHBQQEAAECdwABAgMRBAUhMQYSQVEHYXETIjKBCBRCkaGxwQkjM1LwFWJy0QoWJDThJfEXGBkaJicoKSo1Njc4OTpDREVGR0hJSlNUVVZXWFlaY2RlZmdoaWpzdHV2d3h5eoKDhIWGh4iJipKTlJWWl5iZmqKjpKWmp6ipqrKztLW2t7i5usLDxMXGx8jJytLT1NXW19jZ2uLj5OXm5+jp6vLz9PX29\/j5+v\/aAAwDAQACEQMRAD8A+X7K2Wa5xtEyLn5Q20scHA9etS6jZxwygxbBCDsZ0O5c5PIGSeg\/MGs+lpWAl8uD\/n4P\/fFFQ0UwP\/\/Z\" class=\"attachment-full size-full wp-image-9874 xts-lazy-load xts-lazy-fade\" alt=\"\" srcset=\"\" sizes=\"(max-width: 1286px) 100vw, 1286px\" data-xts-src=\"https:\/\/www.fdfoodstuff.com\/wp-content\/uploads\/2024\/02\/fdfoodstuff-logo-1.jpg\" data-srcset=\"https:\/\/www.fdfoodstuff.com\/wp-content\/uploads\/2024\/02\/fdfoodstuff-logo-1.jpg 1286w, https:\/\/www.fdfoodstuff.com\/wp-content\/uploads\/2024\/02\/fdfoodstuff-logo-1-300x185.jpg 300w, https:\/\/www.fdfoodstuff.com\/wp-content\/uploads\/2024\/02\/fdfoodstuff-logo-1-1024x631.jpg 1024w, https:\/\/www.fdfoodstuff.com\/wp-content\/uploads\/2024\/02\/fdfoodstuff-logo-1-768x474.jpg 768w, https:\/\/www.fdfoodstuff.com\/wp-content\/uploads\/2024\/02\/fdfoodstuff-logo-1-800x493.jpg 800w, https:\/\/www.fdfoodstuff.com\/wp-content\/uploads\/2024\/02\/fdfoodstuff-logo-1-900x555.jpg 900w, https:\/\/www.fdfoodstuff.com\/wp-content\/uploads\/2024\/02\/fdfoodstuff-logo-1-200x123.jpg 200w\" \/>\n\t\t\t\t\t\t\t\t\t\t\t<\/div>\n\t\t\t\t\t\n\t\t\t\t\t\t\t\t\t<\/figure>\n\n\t\t\t\t\t\t\t<\/div>\n\t\t\t\t\t\t<\/div>\n\t\t\t\t<\/div>\n\t\t\t\t\t<\/div>\n\t\t<\/div>\n\t\t\t\t\t<\/div>\n\t\t<\/section>\n\t\t\t\t<\/div>","protected":false},"excerpt":{"rendered":"<p>En Kaliteli \u00dcr\u00fcnlerin Merkezi D\u0131\u015f Ticaret alan\u0131nda faaliyet g\u00f6steren, Fd Foodstuff Trad\u0131ng G\u0131da Ith. Ihr. San. Ve T\u0131c. Ltd. \u015eti firmam\u0131z, uzun y\u0131llardan beri D\u0131\u015f Ticaret g\u0131da sekt\u00f6r\u00fcnde hizmet veren deneyimli bir firmad\u0131r. B\u00f6lgede y\u0131llar\u0131n verdi\u011fi deneyimle sekt\u00f6rde hizmet veren Fd Foodstuff Trad\u0131ng G\u0131da Ith. Ihr. San. Ve T\u0131c. Ltd. \u015eti firmam\u0131z deneyimli kadrosu ile [&hellip;]<\/p>\n","protected":false},"author":1,"featured_media":0,"parent":0,"menu_order":0,"comment_status":"closed","ping_status":"closed","template":"elementor_header_footer","meta":{"footnotes":""},"class_list":["post-5419","page","type-page","status-publish","hentry"],"acf":[],"yoast_head":"<!-- This site is optimized with the Yoast SEO plugin v20.13 - https:\/\/yoast.com\/wordpress\/plugins\/seo\/ -->\n<title>Hakk\u0131m\u0131zda - Fd Foodstuff Trad\u0131ng<\/title>\n<meta name=\"robots\" content=\"index, follow, max-snippet:-1, max-image-preview:large, max-video-preview:-1\" \/>\n<link rel=\"canonical\" href=\"https:\/\/www.fdfoodstuff.com\/en\/hakkimizda\/\" \/>\n<meta property=\"og:locale\" content=\"en_US\" \/>\n<meta property=\"og:type\" content=\"article\" \/>\n<meta property=\"og:title\" content=\"Hakk\u0131m\u0131zda - Fd Foodstuff Trad\u0131ng\" \/>\n<meta property=\"og:description\" content=\"En Kaliteli \u00dcr\u00fcnlerin Merkezi D\u0131\u015f Ticaret alan\u0131nda faaliyet g\u00f6steren, Fd Foodstuff Trad\u0131ng G\u0131da Ith. Ihr. San. Ve T\u0131c. Ltd. \u015eti firmam\u0131z, uzun y\u0131llardan beri D\u0131\u015f Ticaret g\u0131da sekt\u00f6r\u00fcnde hizmet veren deneyimli bir firmad\u0131r. B\u00f6lgede y\u0131llar\u0131n verdi\u011fi deneyimle sekt\u00f6rde hizmet veren Fd Foodstuff Trad\u0131ng G\u0131da Ith. Ihr. San. Ve T\u0131c. Ltd. \u015eti firmam\u0131z deneyimli kadrosu ile [&hellip;]\" \/>\n<meta property=\"og:url\" content=\"https:\/\/www.fdfoodstuff.com\/en\/hakkimizda\/\" \/>\n<meta property=\"og:site_name\" content=\"Fd Foodstuff Trad\u0131ng\" \/>\n<meta property=\"article:modified_time\" content=\"2024-02-28T11:53:37+00:00\" \/>\n<meta property=\"og:image\" content=\"https:\/\/www.fdfoodstuff.com\/wp-content\/uploads\/2024\/02\/fdfoodstuff-logo-1.jpg\" \/>\n<meta name=\"twitter:card\" content=\"summary_large_image\" \/>\n<meta name=\"twitter:label1\" content=\"Est. reading time\" \/>\n\t<meta name=\"twitter:data1\" content=\"1 minute\" \/>\n<script type=\"application\/ld+json\" class=\"yoast-schema-graph\">{\"@context\":\"https:\/\/schema.org\",\"@graph\":[{\"@type\":\"WebPage\",\"@id\":\"https:\/\/www.fdfoodstuff.com\/hakkimizda\/\",\"url\":\"https:\/\/www.fdfoodstuff.com\/hakkimizda\/\",\"name\":\"Hakk\u0131m\u0131zda - Fd Foodstuff Trad\u0131ng\",\"isPartOf\":{\"@id\":\"https:\/\/www.fdfoodstuff.com\/#website\"},\"datePublished\":\"2021-08-26T11:03:24+00:00\",\"dateModified\":\"2024-02-28T11:53:37+00:00\",\"breadcrumb\":{\"@id\":\"https:\/\/www.fdfoodstuff.com\/hakkimizda\/#breadcrumb\"},\"inLanguage\":\"en-US\",\"potentialAction\":[{\"@type\":\"ReadAction\",\"target\":[\"https:\/\/www.fdfoodstuff.com\/hakkimizda\/\"]}]},{\"@type\":\"BreadcrumbList\",\"@id\":\"https:\/\/www.fdfoodstuff.com\/hakkimizda\/#breadcrumb\",\"itemListElement\":[{\"@type\":\"ListItem\",\"position\":1,\"name\":\"Anasayfa\",\"item\":\"https:\/\/www.fdfoodstuff.com\/\"},{\"@type\":\"ListItem\",\"position\":2,\"name\":\"Hakk\u0131m\u0131zda\"}]},{\"@type\":\"WebSite\",\"@id\":\"https:\/\/www.fdfoodstuff.com\/#website\",\"url\":\"https:\/\/www.fdfoodstuff.com\/\",\"name\":\"Fd Foodstuff Trad\u0131ng\",\"description\":\"G\u0131da Ith. Ihr. San. Ve T\u0131c. Ltd. \u015eti\",\"potentialAction\":[{\"@type\":\"SearchAction\",\"target\":{\"@type\":\"EntryPoint\",\"urlTemplate\":\"https:\/\/www.fdfoodstuff.com\/?s={search_term_string}\"},\"query-input\":\"required name=search_term_string\"}],\"inLanguage\":\"en-US\"}]}<\/script>\n<!-- \/ Yoast SEO plugin. -->","yoast_head_json":{"title":"Hakk\u0131m\u0131zda - Fd Foodstuff Trad\u0131ng","robots":{"index":"index","follow":"follow","max-snippet":"max-snippet:-1","max-image-preview":"max-image-preview:large","max-video-preview":"max-video-preview:-1"},"canonical":"https:\/\/www.fdfoodstuff.com\/en\/hakkimizda\/","og_locale":"en_US","og_type":"article","og_title":"Hakk\u0131m\u0131zda - Fd Foodstuff Trad\u0131ng","og_description":"En Kaliteli \u00dcr\u00fcnlerin Merkezi D\u0131\u015f Ticaret alan\u0131nda faaliyet g\u00f6steren, Fd Foodstuff Trad\u0131ng G\u0131da Ith. Ihr. San. Ve T\u0131c. Ltd. \u015eti firmam\u0131z, uzun y\u0131llardan beri D\u0131\u015f Ticaret g\u0131da sekt\u00f6r\u00fcnde hizmet veren deneyimli bir firmad\u0131r. B\u00f6lgede y\u0131llar\u0131n verdi\u011fi deneyimle sekt\u00f6rde hizmet veren Fd Foodstuff Trad\u0131ng G\u0131da Ith. Ihr. San. Ve T\u0131c. Ltd. \u015eti firmam\u0131z deneyimli kadrosu ile [&hellip;]","og_url":"https:\/\/www.fdfoodstuff.com\/en\/hakkimizda\/","og_site_name":"Fd Foodstuff Trad\u0131ng","article_modified_time":"2024-02-28T11:53:37+00:00","og_image":[{"url":"https:\/\/www.fdfoodstuff.com\/wp-content\/uploads\/2024\/02\/fdfoodstuff-logo-1.jpg"}],"twitter_card":"summary_large_image","twitter_misc":{"Est. reading time":"1 minute"},"schema":{"@context":"https:\/\/schema.org","@graph":[{"@type":"WebPage","@id":"https:\/\/www.fdfoodstuff.com\/hakkimizda\/","url":"https:\/\/www.fdfoodstuff.com\/hakkimizda\/","name":"Hakk\u0131m\u0131zda - Fd Foodstuff Trad\u0131ng","isPartOf":{"@id":"https:\/\/www.fdfoodstuff.com\/#website"},"datePublished":"2021-08-26T11:03:24+00:00","dateModified":"2024-02-28T11:53:37+00:00","breadcrumb":{"@id":"https:\/\/www.fdfoodstuff.com\/hakkimizda\/#breadcrumb"},"inLanguage":"en-US","potentialAction":[{"@type":"ReadAction","target":["https:\/\/www.fdfoodstuff.com\/hakkimizda\/"]}]},{"@type":"BreadcrumbList","@id":"https:\/\/www.fdfoodstuff.com\/hakkimizda\/#breadcrumb","itemListElement":[{"@type":"ListItem","position":1,"name":"Anasayfa","item":"https:\/\/www.fdfoodstuff.com\/"},{"@type":"ListItem","position":2,"name":"Hakk\u0131m\u0131zda"}]},{"@type":"WebSite","@id":"https:\/\/www.fdfoodstuff.com\/#website","url":"https:\/\/www.fdfoodstuff.com\/","name":"Fd Foodstuff Trading","description":"Food Imp. Ihr. Singing. And Tic. Ltd. Ltd.","potentialAction":[{"@type":"SearchAction","target":{"@type":"EntryPoint","urlTemplate":"https:\/\/www.fdfoodstuff.com\/?s={search_term_string}"},"query-input":"required name=search_term_string"}],"inLanguage":"en-US"}]}},"_links":{"self":[{"href":"https:\/\/www.fdfoodstuff.com\/en\/wp-json\/wp\/v2\/pages\/5419","targetHints":{"allow":["GET"]}}],"collection":[{"href":"https:\/\/www.fdfoodstuff.com\/en\/wp-json\/wp\/v2\/pages"}],"about":[{"href":"https:\/\/www.fdfoodstuff.com\/en\/wp-json\/wp\/v2\/types\/page"}],"author":[{"embeddable":true,"href":"https:\/\/www.fdfoodstuff.com\/en\/wp-json\/wp\/v2\/users\/1"}],"replies":[{"embeddable":true,"href":"https:\/\/www.fdfoodstuff.com\/en\/wp-json\/wp\/v2\/comments?post=5419"}],"version-history":[{"count":15,"href":"https:\/\/www.fdfoodstuff.com\/en\/wp-json\/wp\/v2\/pages\/5419\/revisions"}],"predecessor-version":[{"id":9887,"href":"https:\/\/www.fdfoodstuff.com\/en\/wp-json\/wp\/v2\/pages\/5419\/revisions\/9887"}],"wp:attachment":[{"href":"https:\/\/www.fdfoodstuff.com\/en\/wp-json\/wp\/v2\/media?parent=5419"}],"curies":[{"name":"wp","href":"https:\/\/api.w.org\/{rel}","templated":true}]}}